{"id":421,"date":"2024-03-06T13:46:18","date_gmt":"2024-03-06T13:46:18","guid":{"rendered":"https:\/\/schoolsforsense.eu\/?page_id=421"},"modified":"2025-01-15T15:52:41","modified_gmt":"2025-01-15T15:52:41","slug":"sense-toolbox","status":"publish","type":"page","link":"https:\/\/schoolsforsense.eu\/et\/sense-toolbox\/","title":{"rendered":"SENSE t\u00f6\u00f6riistakast"},"content":{"rendered":"<div data-elementor-type=\"wp-page\" data-elementor-id=\"421\" class=\"elementor elementor-421\" data-elementor-settings=\"{&quot;ha_cmc_init_switcher&quot;:&quot;no&quot;}\">\n\t\t\t\t\t\t<section class=\"elementor-section elementor-top-section elementor-element elementor-element-6d4acf7 elementor-section-height-min-height elementor-section-items-stretch elementor-reverse-mobile elementor-section-boxed elementor-section-height-default wpr-particle-no wpr-jarallax-no wpr-parallax-no wpr-sticky-section-no wpr-equal-height-no\" data-id=\"6d4acf7\" data-element_type=\"section\" data-settings=\"{&quot;background_background&quot;:&quot;gradient&quot;,&quot;shape_divider_bottom&quot;:&quot;waves&quot;,&quot;_ha_eqh_enable&quot;:false}\">\n\t\t\t\t\t\t\t<div class=\"elementor-background-overlay\"><\/div>\n\t\t\t\t\t\t<div class=\"elementor-shape elementor-shape-bottom\" data-negative=\"false\">\n\t\t\t<svg xmlns=\"http:\/\/www.w3.org\/2000\/svg\" viewbox=\"0 0 1000 100\" preserveaspectratio=\"none\">\n\t<path class=\"elementor-shape-fill\" d=\"M421.9,6.5c22.6-2.5,51.5,0.4,75.5,5.3c23.6,4.9,70.9,23.5,100.5,35.7c75.8,32.2,133.7,44.5,192.6,49.7\tc23.6,2.1,48.7,3.5,103.4-2.5c54.7-6,106.2-25.6,106.2-25.6V0H0v30.3c0,0,72,32.6,158.4,30.5c39.2-0.7,92.8-6.7,134-22.4\tc21.2-8.1,52.2-18.2,79.7-24.2C399.3,7.9,411.6,7.5,421.9,6.5z\"\/>\n<\/svg>\t\t<\/div>\n\t\t\t\t\t<div class=\"elementor-container elementor-column-gap-default\">\n\t\t\t\t\t<div class=\"elementor-column elementor-col-100 elementor-top-column elementor-element elementor-element-5652598 elementor-invisible\" data-id=\"5652598\" data-element_type=\"column\" data-settings=\"{&quot;animation&quot;:&quot;fadeIn&quot;}\">\n\t\t\t<div class=\"elementor-widget-wrap elementor-element-populated\">\n\t\t\t\t\t\t<div class=\"elementor-element elementor-element-d03833d elementor-widget elementor-widget-heading\" data-id=\"d03833d\" data-element_type=\"widget\" data-widget_type=\"heading.default\">\n\t\t\t\t<div class=\"elementor-widget-container\">\n\t\t\t\t\t<h1 class=\"elementor-heading-title elementor-size-default\">SENSE t\u00f6\u00f6riistakast<\/h1>\t\t\t\t<\/div>\n\t\t\t\t<\/div>\n\t\t\t\t\t<\/div>\n\t\t<\/div>\n\t\t\t\t\t<\/div>\n\t\t<\/section>\n\t\t<div class=\"elementor-element elementor-element-7d6ee61 e-flex e-con-boxed wpr-particle-no wpr-jarallax-no wpr-parallax-no wpr-sticky-section-no wpr-equal-height-no e-con e-parent\" data-id=\"7d6ee61\" data-element_type=\"container\" data-settings=\"{&quot;_ha_eqh_enable&quot;:false}\">\n\t\t\t\t\t<div class=\"e-con-inner\">\n\t\t\t\t<div class=\"elementor-element elementor-element-9fc5ad1 elementor-widget elementor-widget-pp-image-hotspots\" data-id=\"9fc5ad1\" data-element_type=\"widget\" data-no-translation=\"\" data-widget_type=\"pp-image-hotspots.default\">\n\t\t\t\t<div class=\"elementor-widget-container\">\n\t\t\t\t\t<style>.elementor-element-9fc5ad1{display:none !important}<\/style>\t\t\t\t<\/div>\n\t\t\t\t<\/div>\n\t\t\t\t<div class=\"elementor-element elementor-element-1b34747 elementor-widget elementor-widget-pp-image-hotspots\" data-id=\"1b34747\" data-element_type=\"widget\" data-no-translation=\"\" data-widget_type=\"pp-image-hotspots.default\">\n\t\t\t\t<div class=\"elementor-widget-container\">\n\t\t\t\t\t<style>.elementor-element-1b34747{display:none !important}<\/style>\t\t\t\t<\/div>\n\t\t\t\t<\/div>\n\t\t\t\t<div class=\"elementor-element elementor-element-6087d52 elementor-widget elementor-widget-pp-image-hotspots\" data-id=\"6087d52\" data-element_type=\"widget\" data-no-translation=\"\" data-widget_type=\"pp-image-hotspots.default\">\n\t\t\t\t<div class=\"elementor-widget-container\">\n\t\t\t\t\t<style>.elementor-element-6087d52{display:none !important}<\/style>\t\t\t\t<\/div>\n\t\t\t\t<\/div>\n\t\t\t\t<div class=\"elementor-element elementor-element-c746c21 elementor-widget elementor-widget-pp-image-hotspots\" data-id=\"c746c21\" data-element_type=\"widget\" data-no-translation=\"\" data-widget_type=\"pp-image-hotspots.default\">\n\t\t\t\t<div class=\"elementor-widget-container\">\n\t\t\t\t\t\t\t<div class=\"pp-image-hotspots\" data-tooltip-options=\"{&quot;always_open&quot;:&quot;no&quot;,&quot;trigger&quot;:&quot;hover&quot;,&quot;size&quot;:&quot;default&quot;,&quot;distance&quot;:&quot;&quot;,&quot;arrow&quot;:&quot;yes&quot;,&quot;animation&quot;:&quot;fade&quot;,&quot;zindex&quot;:99,&quot;width&quot;:&quot;180&quot;}\">\n\t\t\t<div class=\"pp-hot-spot-image\">\n\t\t\t\t<img fetchpriority=\"high\" decoding=\"async\" width=\"1800\" height=\"900\" src=\"https:\/\/schoolsforsense.eu\/wp-content\/uploads\/2025\/01\/Sense-Trap-Engels-Estonian_new-1.png\" class=\"attachment-full size-full wp-image-2340\" alt=\"\" srcset=\"https:\/\/schoolsforsense.eu\/wp-content\/uploads\/2025\/01\/Sense-Trap-Engels-Estonian_new-1.png 1800w, https:\/\/schoolsforsense.eu\/wp-content\/uploads\/2025\/01\/Sense-Trap-Engels-Estonian_new-1-300x150.png 300w, https:\/\/schoolsforsense.eu\/wp-content\/uploads\/2025\/01\/Sense-Trap-Engels-Estonian_new-1-1024x512.png 1024w, https:\/\/schoolsforsense.eu\/wp-content\/uploads\/2025\/01\/Sense-Trap-Engels-Estonian_new-1-768x384.png 768w, https:\/\/schoolsforsense.eu\/wp-content\/uploads\/2025\/01\/Sense-Trap-Engels-Estonian_new-1-1536x768.png 1536w, https:\/\/schoolsforsense.eu\/wp-content\/uploads\/2025\/01\/Sense-Trap-Engels-Estonian_new-1-18x9.png 18w\" sizes=\"(max-width: 1800px) 100vw, 1800px\" \/>\t\t\t\t\t<a class=\"pp-hot-spot-wrap elementor-repeater-item-f239704\" href=\"https:\/\/schoolsforsense.eu\/et\/how-to-flourish\/\">\n\t\t\t\t\t\t<span class=\"pp-hot-spot-inner hotspot-animation\">\n\t\t\t\t\t\t\t<span class=\"pp-hotspot-icon-wrap\">\n\t\t\t\t\t\t\t\t\t\t\t\t\t\t\t\t<span class=\"pp-hotspot-icon pp-icon\">\n\t\t\t\t\t\t\t\t\t\t<i aria-hidden=\"true\" class=\"icon icon-right-arrow1\"><\/i>\t\t\t\t\t\t\t\t\t<\/span>\n\t\t\t\t\t\t\t\t\t\t\t\t\t\t\t\t<\/span>\n\t\t\t\t\t\t<\/span>\n\t\t\t\t\t<\/a>\n\t\t\t\t\t\t\t\t\t\t<a class=\"pp-hot-spot-wrap elementor-repeater-item-a74e2c4\" href=\"https:\/\/schoolsforsense.eu\/et\/how-to-deal-with-difficult-situations\/\">\n\t\t\t\t\t\t<span class=\"pp-hot-spot-inner hotspot-animation\">\n\t\t\t\t\t\t\t<span class=\"pp-hotspot-icon-wrap\">\n\t\t\t\t\t\t\t\t\t\t\t\t\t\t\t\t<span class=\"pp-hotspot-icon pp-icon\">\n\t\t\t\t\t\t\t\t\t\t<i aria-hidden=\"true\" class=\"icon icon-right-arrow1\"><\/i>\t\t\t\t\t\t\t\t\t<\/span>\n\t\t\t\t\t\t\t\t\t\t\t\t\t\t\t\t<\/span>\n\t\t\t\t\t\t<\/span>\n\t\t\t\t\t<\/a>\n\t\t\t\t\t\t\t\t\t\t<a class=\"pp-hot-spot-wrap elementor-repeater-item-9ba3801\" href=\"https:\/\/schoolsforsense.eu\/et\/learning-about-mental-disorder\/\">\n\t\t\t\t\t\t<span class=\"pp-hot-spot-inner hotspot-animation\">\n\t\t\t\t\t\t\t<span class=\"pp-hotspot-icon-wrap\">\n\t\t\t\t\t\t\t\t\t\t\t\t\t\t\t\t<span class=\"pp-hotspot-icon pp-icon\">\n\t\t\t\t\t\t\t\t\t\t<i aria-hidden=\"true\" class=\"icon icon-right-arrow1\"><\/i>\t\t\t\t\t\t\t\t\t<\/span>\n\t\t\t\t\t\t\t\t\t\t\t\t\t\t\t\t<\/span>\n\t\t\t\t\t\t<\/span>\n\t\t\t\t\t<\/a>\n\t\t\t\t\t\t\t\t\t\t<a class=\"pp-hot-spot-wrap elementor-repeater-item-6a939b4\" href=\"https:\/\/schoolsforsense.eu\/et\/finding-help-support\/\">\n\t\t\t\t\t\t<span class=\"pp-hot-spot-inner hotspot-animation\">\n\t\t\t\t\t\t\t<span class=\"pp-hotspot-icon-wrap\">\n\t\t\t\t\t\t\t\t\t\t\t\t\t\t\t\t<span class=\"pp-hotspot-icon pp-icon\">\n\t\t\t\t\t\t\t\t\t\t<i aria-hidden=\"true\" class=\"icon icon-right-arrow1\"><\/i>\t\t\t\t\t\t\t\t\t<\/span>\n\t\t\t\t\t\t\t\t\t\t\t\t\t\t\t\t<\/span>\n\t\t\t\t\t\t<\/span>\n\t\t\t\t\t<\/a>\n\t\t\t\t\t\t\t\t<\/div>\n\t\t<\/div>\n\t\t\t\t\t\t<\/div>\n\t\t\t\t<\/div>\n\t\t\t\t<div class=\"elementor-element elementor-element-6a11609 elementor-widget elementor-widget-pp-image-hotspots\" data-id=\"6a11609\" data-element_type=\"widget\" data-no-translation=\"\" data-widget_type=\"pp-image-hotspots.default\">\n\t\t\t\t<div class=\"elementor-widget-container\">\n\t\t\t\t\t<style>.elementor-element-6a11609{display:none !important}<\/style>\t\t\t\t<\/div>\n\t\t\t\t<\/div>\n\t\t\t\t<div class=\"elementor-element elementor-element-babe983 elementor-widget elementor-widget-text-editor\" data-id=\"babe983\" data-element_type=\"widget\" data-widget_type=\"text-editor.default\">\n\t\t\t\t<div class=\"elementor-widget-container\">\n\t\t\t\t\t\t\t\t\t<p><span data-sheets-root=\"1\">T\u00f6\u00f6riistakasti sisu on m\u00f5eldud \u00f5petajatele tundides kasutamiseks. Muidugi v\u00f5ib \u00f5petaja harjutusi ka ise kaasa teha. <\/span><\/p><p><span data-sheets-root=\"1\">T\u00f6\u00f6riistakast on m\u00f5eldud kasutamiseks erialase ettevalmistusega \u00f5petajate poolt. Seet\u00f5ttu ei ole teemade k\u00e4sitlemise ja harjutuste kirjelduste juures toodud \u00fcksikasjalikke didaktilisi juhiseid. Harjutusi v\u00f5ib kohandada vastavalt olukorrale ja osalejatele. <\/span><\/p>\t\t\t\t\t\t\t\t<\/div>\n\t\t\t\t<\/div>\n\t\t\t\t\t<\/div>\n\t\t\t\t<\/div>\n\t\t\t\t<\/div>","protected":false},"excerpt":{"rendered":"<p>SENSE Toolbox All materials can be carried out by teachers in the classroom. Of course, a teacher can also apply or participate in an exercise him- or herself. As the toolbox is adressed to teaching professionals, concepts and exercises are introduced possibly without concrete didactive instructions. There is the possibility to adapt and change exercises to the context and personal preferences.<\/p>","protected":false},"author":3,"featured_media":0,"parent":0,"menu_order":0,"comment_status":"closed","ping_status":"closed","template":"","meta":{"site-sidebar-layout":"no-sidebar","site-content-layout":"","ast-site-content-layout":"full-width-container","site-content-style":"default","site-sidebar-style":"default","ast-global-header-display":"","ast-banner-title-visibility":"","ast-main-header-display":"","ast-hfb-above-header-display":"","ast-hfb-below-header-display":"","ast-hfb-mobile-header-display":"","site-post-title":"disabled","ast-breadcrumbs-content":"","ast-featured-img":"disabled","footer-sml-layout":"","theme-transparent-header-meta":"","adv-header-id-meta":"","stick-header-meta":"","header-above-stick-meta":"","header-main-stick-meta":"","header-below-stick-meta":"","astra-migrate-meta-layouts":"default","ast-page-background-enabled":"default","ast-page-background-meta":{"desktop":{"background-color":"var(--ast-global-color-4)","background-image":"","background-repeat":"repeat","background-position":"center center","background-size":"auto","background-attachment":"scroll","background-type":"","background-media":"","overlay-type":"","overlay-color":"","overlay-opacity":"","overlay-gradient":""},"tablet":{"background-color":"","background-image":"","background-repeat":"repeat","background-position":"center center","background-size":"auto","background-attachment":"scroll","background-type":"","background-media":"","overlay-type":"","overlay-color":"","overlay-opacity":"","overlay-gradient":""},"mobile":{"background-color":"","background-image":"","background-repeat":"repeat","background-position":"center center","background-size":"auto","background-attachment":"scroll","background-type":"","background-media":"","overlay-type":"","overlay-color":"","overlay-opacity":"","overlay-gradient":""}},"ast-content-background-meta":{"desktop":{"background-color":"var(--ast-global-color-5)","background-image":"","background-repeat":"repeat","background-position":"center center","background-size":"auto","background-attachment":"scroll","background-type":"","background-media":"","overlay-type":"","overlay-color":"","overlay-opacity":"","overlay-gradient":""},"tablet":{"background-color":"var(--ast-global-color-5)","background-image":"","background-repeat":"repeat","background-position":"center center","background-size":"auto","background-attachment":"scroll","background-type":"","background-media":"","overlay-type":"","overlay-color":"","overlay-opacity":"","overlay-gradient":""},"mobile":{"background-color":"var(--ast-global-color-5)","background-image":"","background-repeat":"repeat","background-position":"center center","background-size":"auto","background-attachment":"scroll","background-type":"","background-media":"","overlay-type":"","overlay-color":"","overlay-opacity":"","overlay-gradient":""}},"footnotes":""},"class_list":["post-421","page","type-page","status-publish","hentry"],"_links":{"self":[{"href":"https:\/\/schoolsforsense.eu\/et\/wp-json\/wp\/v2\/pages\/421","targetHints":{"allow":["GET"]}}],"collection":[{"href":"https:\/\/schoolsforsense.eu\/et\/wp-json\/wp\/v2\/pages"}],"about":[{"href":"https:\/\/schoolsforsense.eu\/et\/wp-json\/wp\/v2\/types\/page"}],"author":[{"embeddable":true,"href":"https:\/\/schoolsforsense.eu\/et\/wp-json\/wp\/v2\/users\/3"}],"replies":[{"embeddable":true,"href":"https:\/\/schoolsforsense.eu\/et\/wp-json\/wp\/v2\/comments?post=421"}],"version-history":[{"count":61,"href":"https:\/\/schoolsforsense.eu\/et\/wp-json\/wp\/v2\/pages\/421\/revisions"}],"predecessor-version":[{"id":2369,"href":"https:\/\/schoolsforsense.eu\/et\/wp-json\/wp\/v2\/pages\/421\/revisions\/2369"}],"wp:attachment":[{"href":"https:\/\/schoolsforsense.eu\/et\/wp-json\/wp\/v2\/media?parent=421"}],"curies":[{"name":"wp","href":"https:\/\/api.w.org\/{rel}","templated":true}]}}