{"id":360,"date":"2024-01-16T10:04:34","date_gmt":"2024-01-16T10:04:34","guid":{"rendered":"https:\/\/schoolsforsense.eu\/?page_id=360"},"modified":"2024-08-06T17:28:34","modified_gmt":"2024-08-06T17:28:34","slug":"example-of-a-letter-from-a-young-person","status":"publish","type":"page","link":"https:\/\/schoolsforsense.eu\/et\/example-of-a-letter-from-a-young-person\/","title":{"rendered":"N\u00e4ide noore kirjast \u00f5petajale"},"content":{"rendered":"<div data-elementor-type=\"wp-page\" data-elementor-id=\"360\" class=\"elementor elementor-360\" data-elementor-settings=\"{&quot;ha_cmc_init_switcher&quot;:&quot;no&quot;}\">\n\t\t\t\t\t\t<section class=\"elementor-section elementor-top-section elementor-element elementor-element-b0538e7 elementor-section-height-min-height elementor-section-items-stretch elementor-reverse-mobile elementor-section-boxed elementor-section-height-default wpr-particle-no wpr-jarallax-no wpr-parallax-no wpr-sticky-section-no\" data-id=\"b0538e7\" data-element_type=\"section\" data-settings=\"{&quot;background_background&quot;:&quot;gradient&quot;,&quot;shape_divider_bottom&quot;:&quot;waves&quot;,&quot;_ha_eqh_enable&quot;:false}\">\n\t\t\t\t\t\t\t<div class=\"elementor-background-overlay\"><\/div>\n\t\t\t\t\t\t<div class=\"elementor-shape elementor-shape-bottom\" data-negative=\"false\">\n\t\t\t<svg xmlns=\"http:\/\/www.w3.org\/2000\/svg\" viewbox=\"0 0 1000 100\" preserveaspectratio=\"none\">\n\t<path class=\"elementor-shape-fill\" d=\"M421.9,6.5c22.6-2.5,51.5,0.4,75.5,5.3c23.6,4.9,70.9,23.5,100.5,35.7c75.8,32.2,133.7,44.5,192.6,49.7\tc23.6,2.1,48.7,3.5,103.4-2.5c54.7-6,106.2-25.6,106.2-25.6V0H0v30.3c0,0,72,32.6,158.4,30.5c39.2-0.7,92.8-6.7,134-22.4\tc21.2-8.1,52.2-18.2,79.7-24.2C399.3,7.9,411.6,7.5,421.9,6.5z\"\/>\n<\/svg>\t\t<\/div>\n\t\t\t\t\t<div class=\"elementor-container elementor-column-gap-default\">\n\t\t\t\t\t<div class=\"elementor-column elementor-col-100 elementor-top-column elementor-element elementor-element-cb9f754 elementor-invisible\" data-id=\"cb9f754\" data-element_type=\"column\" data-settings=\"{&quot;animation&quot;:&quot;fadeIn&quot;}\">\n\t\t\t<div class=\"elementor-widget-wrap elementor-element-populated\">\n\t\t\t\t\t\t<div class=\"elementor-element elementor-element-969675d elementor-widget elementor-widget-heading\" data-id=\"969675d\" data-element_type=\"widget\" data-widget_type=\"heading.default\">\n\t\t\t\t<div class=\"elementor-widget-container\">\n\t\t\t\t\t<h1 class=\"elementor-heading-title elementor-size-default\">N\u00e4ide noore kirjast \u00f5petajale<\/h1>\t\t\t\t<\/div>\n\t\t\t\t<\/div>\n\t\t\t\t\t<\/div>\n\t\t<\/div>\n\t\t\t\t\t<\/div>\n\t\t<\/section>\n\t\t\t\t<section class=\"elementor-section elementor-top-section elementor-element elementor-element-aef4b58 elementor-section-boxed elementor-section-height-default elementor-section-height-default wpr-particle-no wpr-jarallax-no wpr-parallax-no wpr-sticky-section-no\" data-id=\"aef4b58\" data-element_type=\"section\" data-settings=\"{&quot;_ha_eqh_enable&quot;:false}\">\n\t\t\t\t\t\t<div class=\"elementor-container elementor-column-gap-default\">\n\t\t\t\t\t<div class=\"elementor-column elementor-col-100 elementor-top-column elementor-element elementor-element-2df7054\" data-id=\"2df7054\" data-element_type=\"column\">\n\t\t\t<div class=\"elementor-widget-wrap elementor-element-populated\">\n\t\t\t\t\t\t<div class=\"elementor-element elementor-element-4a39ba1 elementor-widget elementor-widget-text-editor\" data-id=\"4a39ba1\" data-element_type=\"widget\" data-widget_type=\"text-editor.default\">\n\t\t\t\t<div class=\"elementor-widget-container\">\n\t\t\t\t\t\t\t\t\t<p>Lugupeetud \u00f5petaja!\u00a0<\/p><p>Teie k\u00e4es on v\u00f5ti, mis annab meile j\u00f5udu \u00f5ppida, aga on oluline ka meie heaoluks.\u00a0 <br \/>Koostasin nimekirja n\u00f5uannetest, mida v\u00f5iks tunnis kasutada:\u00a0 <br \/>-V\u00f5imaldage regulaarselt arutelude pidamist klassis <br \/>-K\u00fcsige aeg-ajalt, kuidas meil l\u00e4heb <br \/>-Arvestage kodut\u00f6\u00f6de ja teadmiste kontrollimise planeerimisel meie tunniplaaniga <br \/>-Veenduge, et \u00f5pilastel on selge teadmine, kuidas saada tuge ja et tugi oleks k\u00e4ttesaadav<\/p>\t\t\t\t\t\t\t\t<\/div>\n\t\t\t\t<\/div>\n\t\t\t\t<div class=\"elementor-element elementor-element-6cb53e9 elementor-widget-divider--view-line elementor-widget elementor-widget-divider\" data-id=\"6cb53e9\" data-element_type=\"widget\" data-widget_type=\"divider.default\">\n\t\t\t\t<div class=\"elementor-widget-container\">\n\t\t\t\t\t\t\t<div class=\"elementor-divider\">\n\t\t\t<span class=\"elementor-divider-separator\">\n\t\t\t\t\t\t<\/span>\n\t\t<\/div>\n\t\t\t\t\t\t<\/div>\n\t\t\t\t<\/div>\n\t\t\t\t<div class=\"elementor-element elementor-element-2e0ba9c elementor-widget elementor-widget-text-editor\" data-id=\"2e0ba9c\" data-element_type=\"widget\" data-widget_type=\"text-editor.default\">\n\t\t\t\t<div class=\"elementor-widget-container\">\n\t\t\t\t\t\t\t\t\t<p>Lugupeetud \u00f5petaja!\u00a0<\/p><p>Oleks parem, kui k\u00fcsid aeg-ajalt, kuidas \u00f5pilastel l\u00e4heb. Kui asjad ei l\u00e4he h\u00e4sti, p\u00fc\u00fca olla oma \u00f5pilasele abiks. \u00c4ra viita oma tundides sellele, mida \u00f5pilased on sulle nelja silma all usaldanud. Ole v\u00f5imalikult diskreetne. Kui probleem on lahendatud, k\u00fcsi hiljem \u00fcle, kas asjad on paranenud. K\u00fcsi ka, kuidas on lood suhetega klassis, paljude \u00f5pilaste jaoks on oma klassi kuulumine oluline.\"<\/p>\t\t\t\t\t\t\t\t<\/div>\n\t\t\t\t<\/div>\n\t\t\t\t<div class=\"elementor-element elementor-element-1e51aa0 elementor-widget-divider--view-line elementor-widget elementor-widget-divider\" data-id=\"1e51aa0\" data-element_type=\"widget\" data-widget_type=\"divider.default\">\n\t\t\t\t<div class=\"elementor-widget-container\">\n\t\t\t\t\t\t\t<div class=\"elementor-divider\">\n\t\t\t<span class=\"elementor-divider-separator\">\n\t\t\t\t\t\t<\/span>\n\t\t<\/div>\n\t\t\t\t\t\t<\/div>\n\t\t\t\t<\/div>\n\t\t\t\t<div class=\"elementor-element elementor-element-db256bb elementor-widget elementor-widget-text-editor\" data-id=\"db256bb\" data-element_type=\"widget\" data-widget_type=\"text-editor.default\">\n\t\t\t\t<div class=\"elementor-widget-container\">\n\t\t\t\t\t\t\t\t\t<p>Lugupeetud \u00f5petaja X!\u00a0<\/p><p>Hea klassi\u00f5hkkonna loomiseks teeksin ma klassis rohkem arutelusid v\u00f5i klassiga rohkem \u00fchiseid tegevusi. See tooks klassi kokku ja parandaks \u00f5hkkonda \u00fcldiselt. Te olete hea \u00f5petaja ja on n\u00e4ha, et te hoolite oma \u00f5pilastest. Ait\u00e4h, et teete oma parima.<\/p>\t\t\t\t\t\t\t\t<\/div>\n\t\t\t\t<\/div>\n\t\t\t\t<div class=\"elementor-element elementor-element-c1b5b20 elementor-widget-divider--view-line elementor-widget elementor-widget-divider\" data-id=\"c1b5b20\" data-element_type=\"widget\" data-widget_type=\"divider.default\">\n\t\t\t\t<div class=\"elementor-widget-container\">\n\t\t\t\t\t\t\t<div class=\"elementor-divider\">\n\t\t\t<span class=\"elementor-divider-separator\">\n\t\t\t\t\t\t<\/span>\n\t\t<\/div>\n\t\t\t\t\t\t<\/div>\n\t\t\t\t<\/div>\n\t\t\t\t<div class=\"elementor-element elementor-element-381e2ba elementor-widget elementor-widget-text-editor\" data-id=\"381e2ba\" data-element_type=\"widget\" data-widget_type=\"text-editor.default\">\n\t\t\t\t<div class=\"elementor-widget-container\">\n\t\t\t\t\t\t\t\t\t<p>Hea \u00f5petaja!<br \/>\u00c4ra ole liiga n\u00f5udlik. \u00c4ra ole liiga kuri. See, mida sa teed k\u00f5ige paremini, on lahke olemine. Selle p\u00e4rast kirjutangi sulle. Avatud suhtumisega \u00f5petaja poole on lihtsam p\u00f6\u00f6rduda kui kellegi poole, kes ei taha kuulda teiste arvamusi. K\u00f5igi vajaduste aktsepteerimine on \u00fclioluline. M\u00f5istmine, et iga \u00f5pilane on unikaalne ja t\u00f6\u00f6tab omas tempos on samuti oluline: see loob hingerahu. L\u00fchidalt, k\u00fcll sa saad aru. K\u00f5ik on h\u00e4sti. Heaolu on olulisem kui tunnikell.\n\nHead soovides ja n\u00e4gemiseni!<br \/>Head soovides ja n\u00e4gemiseni!<\/p>\t\t\t\t\t\t\t\t<\/div>\n\t\t\t\t<\/div>\n\t\t\t\t\t<\/div>\n\t\t<\/div>\n\t\t\t\t\t<\/div>\n\t\t<\/section>\n\t\t\t\t<\/div>","protected":false},"excerpt":{"rendered":"<p>Example of a letter from a young person Dear teacher,\u00a0 You have the power to empower us in our learning, but also in our well-being.\u00a0 Here is a list of tips for the classroom:\u00a0 -Facilitate regular class discussion -Ask how we are doing from time to time -Be aware of our agenda when scheduling tasks &amp; tests -Make sure the route to student support is clear and approachable Dear teacher,\u00a0 I would feel better if you asked every so often how your students are doing. If things are not going well, try to be a help to your student. Do not refer in your lessons to what pupils have told you personally. Keep discretion as much as possible. After an incident, ask if things have improved. Also ask how things are in the class group, many pupils draw strength from their class group. Dear Mr X,\u00a0 For a good class atmosphere, I would have more class discussions or do more activities with the class. This would bring the class closer together and improve the atmosphere in general. You are a good teacher and you see that you care about your students. Thanks for doing your best. Dear you,Don&#8217;t be too intrusive. Don&#8217;t be too aggressive. What you do best is sweet. That is why I am writing to you. An open minded teacher is always more reachable than someone deie not open to other points of view. Accepting that everyone needs space is really a must. Understanding that every pupil is unique and works at their own pace is also important: &#8216;t gives peace of mind. In short you get the point. It&#8217;s all good and well. Well-being is more important than the school bell.Kind regards and goodbye.<\/p>","protected":false},"author":3,"featured_media":0,"parent":0,"menu_order":0,"comment_status":"closed","ping_status":"closed","template":"","meta":{"site-sidebar-layout":"no-sidebar","site-content-layout":"","ast-site-content-layout":"full-width-container","site-content-style":"default","site-sidebar-style":"default","ast-global-header-display":"","ast-banner-title-visibility":"","ast-main-header-display":"","ast-hfb-above-header-display":"","ast-hfb-below-header-display":"","ast-hfb-mobile-header-display":"","site-post-title":"disabled","ast-breadcrumbs-content":"","ast-featured-img":"disabled","footer-sml-layout":"","theme-transparent-header-meta":"","adv-header-id-meta":"","stick-header-meta":"","header-above-stick-meta":"","header-main-stick-meta":"","header-below-stick-meta":"","astra-migrate-meta-layouts":"default","ast-page-background-enabled":"default","ast-page-background-meta":{"desktop":{"background-color":"var(--ast-global-color-4)","background-image":"","background-repeat":"repeat","background-position":"center center","background-size":"auto","background-attachment":"scroll","background-type":"","background-media":"","overlay-type":"","overlay-color":"","overlay-opacity":"","overlay-gradient":""},"tablet":{"background-color":"","background-image":"","background-repeat":"repeat","background-position":"center center","background-size":"auto","background-attachment":"scroll","background-type":"","background-media":"","overlay-type":"","overlay-color":"","overlay-opacity":"","overlay-gradient":""},"mobile":{"background-color":"","background-image":"","background-repeat":"repeat","background-position":"center center","background-size":"auto","background-attachment":"scroll","background-type":"","background-media":"","overlay-type":"","overlay-color":"","overlay-opacity":"","overlay-gradient":""}},"ast-content-background-meta":{"desktop":{"background-color":"var(--ast-global-color-5)","background-image":"","background-repeat":"repeat","background-position":"center center","background-size":"auto","background-attachment":"scroll","background-type":"","background-media":"","overlay-type":"","overlay-color":"","overlay-opacity":"","overlay-gradient":""},"tablet":{"background-color":"var(--ast-global-color-5)","background-image":"","background-repeat":"repeat","background-position":"center center","background-size":"auto","background-attachment":"scroll","background-type":"","background-media":"","overlay-type":"","overlay-color":"","overlay-opacity":"","overlay-gradient":""},"mobile":{"background-color":"var(--ast-global-color-5)","background-image":"","background-repeat":"repeat","background-position":"center center","background-size":"auto","background-attachment":"scroll","background-type":"","background-media":"","overlay-type":"","overlay-color":"","overlay-opacity":"","overlay-gradient":""}},"footnotes":""},"class_list":["post-360","page","type-page","status-publish","hentry"],"_links":{"self":[{"href":"https:\/\/schoolsforsense.eu\/et\/wp-json\/wp\/v2\/pages\/360","targetHints":{"allow":["GET"]}}],"collection":[{"href":"https:\/\/schoolsforsense.eu\/et\/wp-json\/wp\/v2\/pages"}],"about":[{"href":"https:\/\/schoolsforsense.eu\/et\/wp-json\/wp\/v2\/types\/page"}],"author":[{"embeddable":true,"href":"https:\/\/schoolsforsense.eu\/et\/wp-json\/wp\/v2\/users\/3"}],"replies":[{"embeddable":true,"href":"https:\/\/schoolsforsense.eu\/et\/wp-json\/wp\/v2\/comments?post=360"}],"version-history":[{"count":22,"href":"https:\/\/schoolsforsense.eu\/et\/wp-json\/wp\/v2\/pages\/360\/revisions"}],"predecessor-version":[{"id":1925,"href":"https:\/\/schoolsforsense.eu\/et\/wp-json\/wp\/v2\/pages\/360\/revisions\/1925"}],"wp:attachment":[{"href":"https:\/\/schoolsforsense.eu\/et\/wp-json\/wp\/v2\/media?parent=360"}],"curies":[{"name":"wp","href":"https:\/\/api.w.org\/{rel}","templated":true}]}}