{"id":14,"date":"2023-09-01T07:39:29","date_gmt":"2023-09-01T07:39:29","guid":{"rendered":"https:\/\/schoolsforsense.eu\/?page_id=14"},"modified":"2025-01-15T11:16:46","modified_gmt":"2025-01-15T11:16:46","slug":"partners","status":"publish","type":"page","link":"https:\/\/schoolsforsense.eu\/et\/partners\/","title":{"rendered":"Partnerid"},"content":{"rendered":"<div data-elementor-type=\"wp-page\" data-elementor-id=\"14\" class=\"elementor elementor-14\" data-elementor-settings=\"{&quot;ha_cmc_init_switcher&quot;:&quot;no&quot;}\">\n\t\t\t\t\t\t<section class=\"elementor-section elementor-top-section elementor-element elementor-element-13991fc6 elementor-section-height-min-height elementor-section-items-stretch elementor-reverse-mobile elementor-section-boxed elementor-section-height-default wpr-particle-no wpr-jarallax-no wpr-parallax-no wpr-sticky-section-no wpr-equal-height-no\" data-id=\"13991fc6\" data-element_type=\"section\" data-settings=\"{&quot;background_background&quot;:&quot;gradient&quot;,&quot;shape_divider_bottom&quot;:&quot;waves&quot;,&quot;_ha_eqh_enable&quot;:false}\">\n\t\t\t\t\t\t\t<div class=\"elementor-background-overlay\"><\/div>\n\t\t\t\t\t\t<div class=\"elementor-shape elementor-shape-bottom\" data-negative=\"false\">\n\t\t\t<svg xmlns=\"http:\/\/www.w3.org\/2000\/svg\" viewbox=\"0 0 1000 100\" preserveaspectratio=\"none\">\n\t<path class=\"elementor-shape-fill\" d=\"M421.9,6.5c22.6-2.5,51.5,0.4,75.5,5.3c23.6,4.9,70.9,23.5,100.5,35.7c75.8,32.2,133.7,44.5,192.6,49.7\tc23.6,2.1,48.7,3.5,103.4-2.5c54.7-6,106.2-25.6,106.2-25.6V0H0v30.3c0,0,72,32.6,158.4,30.5c39.2-0.7,92.8-6.7,134-22.4\tc21.2-8.1,52.2-18.2,79.7-24.2C399.3,7.9,411.6,7.5,421.9,6.5z\"\/>\n<\/svg>\t\t<\/div>\n\t\t\t\t\t<div class=\"elementor-container elementor-column-gap-default\">\n\t\t\t\t\t<div class=\"elementor-column elementor-col-100 elementor-top-column elementor-element elementor-element-47857df1 elementor-invisible\" data-id=\"47857df1\" data-element_type=\"column\" data-settings=\"{&quot;animation&quot;:&quot;fadeIn&quot;}\">\n\t\t\t<div class=\"elementor-widget-wrap elementor-element-populated\">\n\t\t\t\t\t\t<div class=\"elementor-element elementor-element-3485e359 elementor-widget elementor-widget-heading\" data-id=\"3485e359\" data-element_type=\"widget\" data-widget_type=\"heading.default\">\n\t\t\t\t<div class=\"elementor-widget-container\">\n\t\t\t\t\t<h1 class=\"elementor-heading-title elementor-size-default\">Partnerid<\/h1>\t\t\t\t<\/div>\n\t\t\t\t<\/div>\n\t\t\t\t\t<\/div>\n\t\t<\/div>\n\t\t\t\t\t<\/div>\n\t\t<\/section>\n\t\t\t\t<section class=\"elementor-section elementor-top-section elementor-element elementor-element-2052dcda elementor-section-height-min-height elementor-section-items-stretch elementor-section-boxed elementor-section-height-default wpr-particle-no wpr-jarallax-no wpr-parallax-no wpr-sticky-section-no wpr-equal-height-no\" data-id=\"2052dcda\" data-element_type=\"section\" data-settings=\"{&quot;_ha_eqh_enable&quot;:false}\">\n\t\t\t\t\t\t<div class=\"elementor-container elementor-column-gap-no\">\n\t\t\t\t\t<div class=\"elementor-column elementor-col-100 elementor-top-column elementor-element elementor-element-1e72f42d\" data-id=\"1e72f42d\" data-element_type=\"column\">\n\t\t\t<div class=\"elementor-widget-wrap elementor-element-populated\">\n\t\t\t\t\t\t<section class=\"elementor-section elementor-inner-section elementor-element elementor-element-27822e74 elementor-section-full_width elementor-section-height-default elementor-section-height-default wpr-particle-no wpr-jarallax-no wpr-parallax-no wpr-sticky-section-no wpr-equal-height-no\" data-id=\"27822e74\" data-element_type=\"section\" data-settings=\"{&quot;_ha_eqh_enable&quot;:false}\">\n\t\t\t\t\t\t<div class=\"elementor-container elementor-column-gap-default\">\n\t\t\t\t\t<div class=\"elementor-column elementor-col-50 elementor-inner-column elementor-element elementor-element-d4392e4\" data-id=\"d4392e4\" data-element_type=\"column\">\n\t\t\t<div class=\"elementor-widget-wrap elementor-element-populated\">\n\t\t\t\t\t\t<div class=\"elementor-element elementor-element-1893752a elementor-position-top elementor-widget elementor-widget-image-box\" data-id=\"1893752a\" data-element_type=\"widget\" data-widget_type=\"image-box.default\">\n\t\t\t\t<div class=\"elementor-widget-container\">\n\t\t\t\t\t<div class=\"elementor-image-box-wrapper\"><figure class=\"elementor-image-box-img\"><a href=\"http:\/\/uni-koeln.de\" target=\"_blank\" rel=\"nofollow\" tabindex=\"-1\"><img decoding=\"async\" width=\"300\" height=\"135\" src=\"https:\/\/schoolsforsense.eu\/wp-content\/uploads\/2023\/10\/uoc-300x135.jpg\" class=\"attachment-medium size-medium wp-image-209\" alt=\"\" srcset=\"https:\/\/schoolsforsense.eu\/wp-content\/uploads\/2023\/10\/uoc-300x135.jpg 300w, https:\/\/schoolsforsense.eu\/wp-content\/uploads\/2023\/10\/uoc-768x346.jpg 768w, https:\/\/schoolsforsense.eu\/wp-content\/uploads\/2023\/10\/uoc.jpg 909w\" sizes=\"(max-width: 300px) 100vw, 300px\" \/><\/a><\/figure><div class=\"elementor-image-box-content\"><h3 class=\"elementor-image-box-title\"><a href=\"http:\/\/uni-koeln.de\" target=\"_blank\" rel=\"nofollow\">K\u00f6lni \u00dclikool (UoC)<\/a><\/h3><p class=\"elementor-image-box-description\">K\u00f6lni \u00dclikool (UoC) asutati 1388. aastal ja on seega \u00fcks vanimaid Euroopas. UoC on rahvusvaheliselt tunnustatud hariduse k\u00f5rge taseme ja akadeemiliste saavutuste poolest. UoC 337 \u00f5ppekaval \u00f5pib rohkem kui 50 000 \u00fcli\u00f5pilast. Kuues teaduskonnas t\u00f6\u00f6tab  621 professorit ja kaasprofessorit ning rohkem kui 4800 akadeemilist t\u00f6\u00f6tajat. UoC on p\u00fchendunud teadmiste edendamisele alusuuringute kaudu, pidades samas silmas uuringutulemuste \u00fclekantavust ja rakendatavust tegelikus elus. SENSE projekti liikmed on eripedagoogika ja rehabilitatsiooni osakonna doktorandid ja teadust\u00f6\u00f6tajad, keda juhib Prof. Dr.Charlotte Hanisch. Prof. Dr. Charlotte Hanisch ja tema meeskonna liikmed on litsentseeritud kliinilised lapseps\u00fchholoogid, kellel on nii kliinilise kui ka teadust\u00f6\u00f6 kogemus laste- ja noorukite ps\u00fchholoogia valdkonnas. Nad on v\u00e4lja t\u00f6\u00f6tanud ja hinnanud mitmeid koolitusprogramme, et edendada \u00f5petajate ja haridust\u00f6\u00f6tajate teadmisi laste arengu ja vaimse tervise teemal.<br><br>\n\nKoduleht: uni-koeln.de, https:\/\/www.hf.uni-koeln.de\/621 <\/p><\/div><\/div>\t\t\t\t<\/div>\n\t\t\t\t<\/div>\n\t\t\t\t<div class=\"elementor-element elementor-element-53194baa elementor-position-top ha-has-bg-overlay elementor-widget elementor-widget-image-box\" data-id=\"53194baa\" data-element_type=\"widget\" data-widget_type=\"image-box.default\">\n\t\t\t\t<div class=\"elementor-widget-container\">\n\t\t\t\t\t<div class=\"elementor-image-box-wrapper\"><figure class=\"elementor-image-box-img\"><a href=\"http:\/\/dieberater.com\" target=\"_blank\" rel=\"nofollow\" tabindex=\"-1\"><img decoding=\"async\" width=\"300\" height=\"92\" src=\"https:\/\/schoolsforsense.eu\/wp-content\/uploads\/2023\/10\/gmb-300x92.png\" class=\"attachment-medium size-medium wp-image-211\" alt=\"\" srcset=\"https:\/\/schoolsforsense.eu\/wp-content\/uploads\/2023\/10\/gmb-300x92.png 300w, https:\/\/schoolsforsense.eu\/wp-content\/uploads\/2023\/10\/gmb-768x234.png 768w, https:\/\/schoolsforsense.eu\/wp-content\/uploads\/2023\/10\/gmb.png 868w\" sizes=\"(max-width: 300px) 100vw, 300px\" \/><\/a><\/figure><div class=\"elementor-image-box-content\"><h3 class=\"elementor-image-box-title\"><a href=\"http:\/\/dieberater.com\" target=\"_blank\" rel=\"nofollow\">die Berater Unternehmensberatungs GmbH <\/a><\/h3><p class=\"elementor-image-box-description\">Die Berater\u00ae Unternehmensberatungs GmbH (www.dieberater.com) p\u00f5hip\u00e4devus on t\u00e4iskasvanute koolitus. die Berater\u00ae t\u00f6\u00f6tab umbes 45 filiaalis \u00fcle Austria ning pakub n\u00f5ustamist ja koolitust. Ettev\u00f5te koolitab t\u00f6\u00f6tajaid ja juhte ning on spetsialiseerunud eelk\u00f5ige suhtlus- ja \u00fclekantavate oskuste, keele- ja IT-teemadele. Pakutavad teenused on suunatud nii \u00fcksikisikutele, igas suuruses ja igas majandusharus tegutsevatele ettev\u00f5tetele, aga ka avalikule sektorile, nt Austria t\u00f6\u00f6h\u00f5iveametile (AMS), ministeeriumidele, Euroopa Komisjonile ja teistele hariduss\u00fcsteemi sidusr\u00fchmadele. die Berater\u00ae meediap\u00e4devuse osakond t\u00f6\u00f6tab v\u00e4lja lahendusi haridusvaldkonnas, n\u00e4iteks e-\u00f5ppe ja mobiil\u00f5ppe lahendusi ning toodab tipptasemel e-\u00f5ppe sisu. Osakonnaga Bridges to Europe on die Berater\u00ae osalenud erinevates rollides - projekti koordinaatori, partneri ja hindajana - enam kui 160 ELi rahastatud projektis. Nende projektide kaudu on kujunenud j\u00e4tkusuutlik Euroopa partnerite v\u00f5rgustik, kuhu kuulub \u00fcle 800 organisatsiooni 45 riigist. \n<br><br>\nKoduleht: dieberater.com, bridgestoeurope.com <\/p><\/div><\/div>\t\t\t\t<\/div>\n\t\t\t\t<\/div>\n\t\t\t\t\t<\/div>\n\t\t<\/div>\n\t\t\t\t<div class=\"elementor-column elementor-col-50 elementor-inner-column elementor-element elementor-element-385c89f1\" data-id=\"385c89f1\" data-element_type=\"column\">\n\t\t\t<div class=\"elementor-widget-wrap elementor-element-populated\">\n\t\t\t\t\t\t<div class=\"elementor-element elementor-element-1f2db878 elementor-position-top ha-has-bg-overlay elementor-widget elementor-widget-image-box\" data-id=\"1f2db878\" data-element_type=\"widget\" data-widget_type=\"image-box.default\">\n\t\t\t\t<div class=\"elementor-widget-container\">\n\t\t\t\t\t<div class=\"elementor-image-box-wrapper\"><figure class=\"elementor-image-box-img\"><a href=\"https:\/\/research-expertise.ucll.be\/en\" target=\"_blank\" rel=\"nofollow\" tabindex=\"-1\"><img decoding=\"async\" width=\"271\" height=\"68\" src=\"https:\/\/schoolsforsense.eu\/wp-content\/uploads\/2023\/10\/ucll.png\" class=\"attachment-medium size-medium wp-image-210\" alt=\"\" \/><\/a><\/figure><div class=\"elementor-image-box-content\"><h3 class=\"elementor-image-box-title\"><a href=\"https:\/\/research-expertise.ucll.be\/en\" target=\"_blank\" rel=\"nofollow\">University College Leuven Limburg (UCLL)<\/a><\/h3><p class=\"elementor-image-box-description\">University College Leuven Limburg (UCLL) on Belgias, t\u00e4psemalt Flandrias asuv k\u00f5rgkool, mis on tuntud oma  \u00f5ppe, teaduse ja regionaalarengu k\u00f5rge kvaliteedi poolest. Pakutakse rohkem kui 30 \u00f5ppekava erinevatel erialadel, keskendudes tervishoiule, sotsiaalt\u00f6\u00f6le, \u00e4rindusele ja kaubandusele, \u00f5petajakoolitusele ning loodusteadusele ja tehnoloogiale. UC Leuven-Limburgi p\u00fchendumine teadusuuringutele tagab tipptasemel \u00f5ppekavad 15 000 \u00fcli\u00f5pilasele. UC Leuven-Limburg on \u00fclemaailmsete haridusv\u00f5rgustike liige ning teeb tihedat koost\u00f6\u00f6d kohalike, piirkondlike ja riiklike valitususasutustega, mille tulemuseks on lai sidusr\u00fchmade v\u00f5rgustik. \n<br><br>\n\nKoduleht: https:\/\/research-expertise.ucll.be\/en, https:\/\/www.ucll.be\/en<\/p><\/div><\/div>\t\t\t\t<\/div>\n\t\t\t\t<\/div>\n\t\t\t\t<div class=\"elementor-element elementor-element-25771f68 elementor-position-top ha-has-bg-overlay elementor-widget elementor-widget-image-box\" data-id=\"25771f68\" data-element_type=\"widget\" data-widget_type=\"image-box.default\">\n\t\t\t\t<div class=\"elementor-widget-container\">\n\t\t\t\t\t<div class=\"elementor-image-box-wrapper\"><figure class=\"elementor-image-box-img\"><a href=\"https:\/\/www.tlu.ee\/en\" target=\"_blank\" rel=\"nofollow\" tabindex=\"-1\"><img loading=\"lazy\" decoding=\"async\" width=\"249\" height=\"96\" src=\"https:\/\/schoolsforsense.eu\/wp-content\/uploads\/2023\/10\/tlu.png\" class=\"attachment-medium size-medium wp-image-212\" alt=\"\" \/><\/a><\/figure><div class=\"elementor-image-box-content\"><h3 class=\"elementor-image-box-title\"><a href=\"https:\/\/www.tlu.ee\/en\" target=\"_blank\" rel=\"nofollow\">Tallinna \u00dclikool (TLU) <\/a><\/h3><p class=\"elementor-image-box-description\">Tallinna \u00dclikool on kaasaegne ja d\u00fcnaamiline teadus\u00fclikool Eestis, millel on juhtiv roll targa elustiili edendamisel hariduse, teadust\u00f6\u00f6 ja ainulaadse erialade\u00fclese koost\u00f6\u00f6 kaudu. Targa eluviisi all m\u00f5istame teadusp\u00f5histe otsuste tegemist, et parandada \u00fchiskonna \u00fcldist ja kodanike heaolu. TL\u00dc-s on kuus instituuti ja nende juurde kuuluvad teadus- ja arenduskeskused, kolled\u017e, 18 tugi\u00fcksust ja akadeemiline raamatukogu. TL\u00dc kuulub maailma 1001 - 1200 parima \u00fclikooli hulka ning on k\u00f5rgel kohal kunsti- ja humanitaarteaduste, sotsioloogia, hariduse ja sotsiaalteaduste valdkonnas. Meie akadeemiline personal koosneb umbes 500 inimesest, kes on eksperdid oma haridus-, humanitaar-, loodus-, sotsiaal-, tervishoiu- ja kunstivaldkonnas. TL\u00dc-s \u00f5pib umbes 7000 \u00fcli\u00f5pilast bakalaureuse-, magistri- v\u00f5i doktori\u00f5ppes.\n<br><br>\nKoduleht: https:\/\/www.tlu.ee\/en, https:\/\/www.tlu.ee\/en\/lti  <\/p><\/div><\/div>\t\t\t\t<\/div>\n\t\t\t\t<\/div>\n\t\t\t\t<div class=\"elementor-element elementor-element-5238c60c elementor-position-top ha-has-bg-overlay elementor-widget elementor-widget-image-box\" data-id=\"5238c60c\" data-element_type=\"widget\" data-widget_type=\"image-box.default\">\n\t\t\t\t<div class=\"elementor-widget-container\">\n\t\t\t\t\t<div class=\"elementor-image-box-wrapper\"><figure class=\"elementor-image-box-img\"><a href=\"https:\/\/www.ehu.eus\/en\/en-home\" target=\"_blank\" rel=\"nofollow\" tabindex=\"-1\"><img loading=\"lazy\" decoding=\"async\" width=\"166\" height=\"129\" src=\"https:\/\/schoolsforsense.eu\/wp-content\/uploads\/2023\/10\/ehu.jpg\" class=\"attachment-medium size-medium wp-image-275\" alt=\"\" \/><\/a><\/figure><div class=\"elementor-image-box-content\"><h3 class=\"elementor-image-box-title\"><a href=\"https:\/\/www.ehu.eus\/en\/en-home\" target=\"_blank\" rel=\"nofollow\">Baskimaa \u00dclikool<\/a><\/h3><p class=\"elementor-image-box-description\">Baskimaa \u00dclikoolis (baski keeles: Euskal Herriko Unibertsitatea; UPV\/EHU) ehk endises Bilbao Autonoomses \u00dclikool \u00f5pib \u00fcle 35 000 \u00fcli\u00f5pilase ja see kuulub 9st \u00fclikoolist koosneva r\u00fchma hulka.\n\u00dcks selle \u00fclikooli erip\u00e4ra on teaduskondade ja koolide hajusus. \u00dclikool asub kolmes \u00fclikoolilinnakus, \u00fcks igas kolmest Baskimaa provintsist, s.t Vizcaya, Guip\u00fazcoa ja \u00c1lava.\nLisaks sellele on UPV\/EHU avatud ja kaasav: igal aastal v\u00f5etakse vastu umbes 1400 rahvusvahelist k\u00fclalist. UPV\/EHU on p\u00fchendunud teadusuuringutele, intellektuaalsele juhtimisele ja sotsiaalsele kaasatusele ning baski keele (euskara) kaitsmisele, mis on ainus eel-indoeuroopa keel L\u00e4\u00e4ne-Euroopas. <br><br>\n  \nKoduleht: https:\/\/www.ehu.eus\/en\/en-home <\/p><\/div><\/div>\t\t\t\t<\/div>\n\t\t\t\t<\/div>\n\t\t\t\t\t<\/div>\n\t\t<\/div>\n\t\t\t\t\t<\/div>\n\t\t<\/section>\n\t\t\t\t\t<\/div>\n\t\t<\/div>\n\t\t\t\t\t<\/div>\n\t\t<\/section>\n\t\t\t\t<\/div>","protected":false},"excerpt":{"rendered":"<p>Partners The University of Cologne (UoC) The University of Cologne (UoC) was founded in 1388 and is thus, one of the oldest and largest within Europe. UoC is recognized for its high standards of graduate education and international reputation of academic accomplishment. Currently, more than 50.000 students are enrolled at UoC in 337 degree programmes. The six faculties currently host around 621 professors and junior professors, as well as more than 4800 scientific staff. UoC is firmly committed to the advancement of human knowledge through basic research, but with an eye to transfer and application in the real word. Team members of the research group are doctoral students and research assistants in the department of special education and rehabilitation, led by Univ.-Prof.\u00b4 in Dr.Charlotte Hanisch. Univ.-Prof.\u00b4 in Dr. Charlotte Hanisch and her team are licensed clinical child psychologists with clinical as well as research expertise in clinical child and adolescent psychology. They have developed and evaluated several training programs to increase teachers\u2019 and school staff\u2019s knowledge on child development and mental health. Website: uni-koeln.de, https:\/\/www.hf.uni-koeln.de\/621 \u201cdie Berater\u201d Unternehmensberatungs GmbH The core competence of \u201cdie Berater\u201d Unternehmensberatungs GmbH (www.dieberater.com) is adult education and training. die Berater\u00ae works in around 45 branches across Austria and offers holistic consulting and training. It coaches, employees and managers, and is specialized in particular in soft skills, language and IT seminars. The portfolio is targeted at individuals, companies of all sizes and industries, as well as the public sector, e.g. the Austrian Employment Service (AMS), ministries, the European Commission, and other stakeholders of the education system. die Berater\u2019s Media Competence department develops educational architectures, provides tailor-made e-learning and mobile learning solutions, and produces state of the art e-learning content. With its department bridges to europe, die Berater\u00ae has been involved in more than 160 EU-funded projects in different roles \u2013 as project coordinator, partner and evaluator. Through these projects a sustainable European partner network of more than 800 organisations from 45 countries has evolved. Website: dieberater.com, bridgestoeurope.com University College Leuven Limburg (UCLL) University College Leuven Limburg (UCLL) is a Higher Education Institution in Flanders, Belgium and is renowned for the high quality of its teaching, research &amp; regional development. More than 30 professional bachelor and lifelong learning study programmes are offered in various disciplines, with a focus on health care, social work, business &amp; commerce, teacher education and science &amp; technology. UC Leuven-Limburg\u2019s strong commitment to research ensures state-of-the-art training programmes for its 15.000 students. UC Leuven-Limburg is a member of educational networks across the globe and strongly collaborates with local, regional and national policy-making bodies, resulting in a broad network of stakeholders. Website: https:\/\/research-expertise.ucll.be\/en, https:\/\/www.ucll.be\/en Tallinn University (TLU) Tallinn University is a modern and dynamic research university in Estonia with a leading role in promoting an intelligent lifestyle through education, research, and a unique collaboration across disciplines. We view an intelligent lifestyle as making research-based decisions in order to improve society in general and the well-being of its citizens. TLU has six schools and their constituent research and development centres, a college, 18 support units and the Academic Library. TLU is one of the top 1001 &#8211; 1200 universities in the world and ranks high in areas of arts and humanities, sociology, education and social studies. Our academic staff consists of about 500 people who are experts in their fields of education, humanities, natural sciences, social sciences, health sciences, and fine arts. Around 7.000 students are enrolled at TLU either on Bachelor, Master, or PHD level studies. Website: https:\/\/www.tlu.ee\/en, https:\/\/www.tlu.ee\/en\/lti University of the Basque Country The University of the Basque Country (in Basque: Euskal Herriko Unibertsitatea; UPV\/EHU), formerly the Autonomous University of Bilbao. It has more than 35,000 students and belongs to Group 9 Universities. One of the characteristics of this university is the dispersion of its faculties and schools. It is divided into three university campuses, each corresponding to one of the three Basque provinces, i.e. Vizcaya, Guip\u00fazcoa and \u00c1lava. Moreover, the UPV\/EHU is an open and inclusive institution; it receives around 1,400 international visitors every year. It is a public and inclusive institution, committed to research, intellectual leadership and social commitment, and safeguards the Basque language (Euskara), the only pre-Indo-European language in Western Europe. Website: https:\/\/www.ehu.eus\/en\/en-home<\/p>","protected":false},"author":3,"featured_media":0,"parent":0,"menu_order":0,"comment_status":"closed","ping_status":"closed","template":"","meta":{"site-sidebar-layout":"no-sidebar","site-content-layout":"","ast-site-content-layout":"full-width-container","site-content-style":"default","site-sidebar-style":"default","ast-global-header-display":"","ast-banner-title-visibility":"","ast-main-header-display":"","ast-hfb-above-header-display":"","ast-hfb-below-header-display":"","ast-hfb-mobile-header-display":"","site-post-title":"disabled","ast-breadcrumbs-content":"","ast-featured-img":"disabled","footer-sml-layout":"","theme-transparent-header-meta":"","adv-header-id-meta":"","stick-header-meta":"","header-above-stick-meta":"","header-main-stick-meta":"","header-below-stick-meta":"","astra-migrate-meta-layouts":"default","ast-page-background-enabled":"default","ast-page-background-meta":{"desktop":{"background-color":"var(--ast-global-color-4)","background-image":"","background-repeat":"repeat","background-position":"center center","background-size":"auto","background-attachment":"scroll","background-type":"","background-media":"","overlay-type":"","overlay-color":"","overlay-opacity":"","overlay-gradient":""},"tablet":{"background-color":"","background-image":"","background-repeat":"repeat","background-position":"center center","background-size":"auto","background-attachment":"scroll","background-type":"","background-media":"","overlay-type":"","overlay-color":"","overlay-opacity":"","overlay-gradient":""},"mobile":{"background-color":"","background-image":"","background-repeat":"repeat","background-position":"center center","background-size":"auto","background-attachment":"scroll","background-type":"","background-media":"","overlay-type":"","overlay-color":"","overlay-opacity":"","overlay-gradient":""}},"ast-content-background-meta":{"desktop":{"background-color":"var(--ast-global-color-5)","background-image":"","background-repeat":"repeat","background-position":"center center","background-size":"auto","background-attachment":"scroll","background-type":"","background-media":"","overlay-type":"","overlay-color":"","overlay-opacity":"","overlay-gradient":""},"tablet":{"background-color":"var(--ast-global-color-5)","background-image":"","background-repeat":"repeat","background-position":"center center","background-size":"auto","background-attachment":"scroll","background-type":"","background-media":"","overlay-type":"","overlay-color":"","overlay-opacity":"","overlay-gradient":""},"mobile":{"background-color":"var(--ast-global-color-5)","background-image":"","background-repeat":"repeat","background-position":"center center","background-size":"auto","background-attachment":"scroll","background-type":"","background-media":"","overlay-type":"","overlay-color":"","overlay-opacity":"","overlay-gradient":""}},"footnotes":""},"class_list":["post-14","page","type-page","status-publish","hentry"],"_links":{"self":[{"href":"https:\/\/schoolsforsense.eu\/et\/wp-json\/wp\/v2\/pages\/14","targetHints":{"allow":["GET"]}}],"collection":[{"href":"https:\/\/schoolsforsense.eu\/et\/wp-json\/wp\/v2\/pages"}],"about":[{"href":"https:\/\/schoolsforsense.eu\/et\/wp-json\/wp\/v2\/types\/page"}],"author":[{"embeddable":true,"href":"https:\/\/schoolsforsense.eu\/et\/wp-json\/wp\/v2\/users\/3"}],"replies":[{"embeddable":true,"href":"https:\/\/schoolsforsense.eu\/et\/wp-json\/wp\/v2\/comments?post=14"}],"version-history":[{"count":28,"href":"https:\/\/schoolsforsense.eu\/et\/wp-json\/wp\/v2\/pages\/14\/revisions"}],"predecessor-version":[{"id":2349,"href":"https:\/\/schoolsforsense.eu\/et\/wp-json\/wp\/v2\/pages\/14\/revisions\/2349"}],"wp:attachment":[{"href":"https:\/\/schoolsforsense.eu\/et\/wp-json\/wp\/v2\/media?parent=14"}],"curies":[{"name":"wp","href":"https:\/\/api.w.org\/{rel}","templated":true}]}}