{"id":123,"date":"2023-09-01T09:22:28","date_gmt":"2023-09-01T09:22:28","guid":{"rendered":"https:\/\/schoolsforsense.eu\/?page_id=123"},"modified":"2025-03-20T09:51:01","modified_gmt":"2025-03-20T09:51:01","slug":"home","status":"publish","type":"page","link":"https:\/\/schoolsforsense.eu\/et\/","title":{"rendered":"Koduleht"},"content":{"rendered":"<div data-elementor-type=\"wp-page\" data-elementor-id=\"123\" class=\"elementor elementor-123\" data-elementor-settings=\"{&quot;ha_cmc_init_switcher&quot;:&quot;no&quot;}\">\n\t\t\t\t\t\t<section class=\"elementor-section elementor-top-section elementor-element elementor-element-60f65c64 elementor-section-height-min-height elementor-section-items-stretch elementor-reverse-mobile elementor-section-boxed elementor-section-height-default wpr-particle-no wpr-jarallax-no wpr-parallax-no wpr-sticky-section-no wpr-equal-height-no\" data-id=\"60f65c64\" data-element_type=\"section\" data-settings=\"{&quot;background_background&quot;:&quot;gradient&quot;,&quot;shape_divider_bottom&quot;:&quot;waves&quot;,&quot;_ha_eqh_enable&quot;:false}\">\n\t\t\t\t\t\t\t<div class=\"elementor-background-overlay\"><\/div>\n\t\t\t\t\t\t<div class=\"elementor-shape elementor-shape-bottom\" data-negative=\"false\">\n\t\t\t<svg xmlns=\"http:\/\/www.w3.org\/2000\/svg\" viewbox=\"0 0 1000 100\" preserveaspectratio=\"none\">\n\t<path class=\"elementor-shape-fill\" d=\"M421.9,6.5c22.6-2.5,51.5,0.4,75.5,5.3c23.6,4.9,70.9,23.5,100.5,35.7c75.8,32.2,133.7,44.5,192.6,49.7\tc23.6,2.1,48.7,3.5,103.4-2.5c54.7-6,106.2-25.6,106.2-25.6V0H0v30.3c0,0,72,32.6,158.4,30.5c39.2-0.7,92.8-6.7,134-22.4\tc21.2-8.1,52.2-18.2,79.7-24.2C399.3,7.9,411.6,7.5,421.9,6.5z\"\/>\n<\/svg>\t\t<\/div>\n\t\t\t\t\t<div class=\"elementor-container elementor-column-gap-default\">\n\t\t\t\t\t<div class=\"elementor-column elementor-col-100 elementor-top-column elementor-element elementor-element-3b7b6b41\" data-id=\"3b7b6b41\" data-element_type=\"column\">\n\t\t\t<div class=\"elementor-widget-wrap elementor-element-populated\">\n\t\t\t\t\t\t<div class=\"elementor-element elementor-element-7f86721 elementor-widget elementor-widget-image\" data-id=\"7f86721\" data-element_type=\"widget\" data-widget_type=\"image.default\">\n\t\t\t\t<div class=\"elementor-widget-container\">\n\t\t\t\t\t\t\t\t\t\t\t\t\t\t\t<img fetchpriority=\"high\" decoding=\"async\" width=\"957\" height=\"1024\" src=\"https:\/\/schoolsforsense.eu\/wp-content\/uploads\/2023\/09\/SENSE-LOGO-FINAL_title_baseline-nobackground-957x1024.png\" class=\"attachment-large size-large wp-image-74\" alt=\"\" srcset=\"https:\/\/schoolsforsense.eu\/wp-content\/uploads\/2023\/09\/SENSE-LOGO-FINAL_title_baseline-nobackground-957x1024.png 957w, https:\/\/schoolsforsense.eu\/wp-content\/uploads\/2023\/09\/SENSE-LOGO-FINAL_title_baseline-nobackground-280x300.png 280w, https:\/\/schoolsforsense.eu\/wp-content\/uploads\/2023\/09\/SENSE-LOGO-FINAL_title_baseline-nobackground-768x822.png 768w, https:\/\/schoolsforsense.eu\/wp-content\/uploads\/2023\/09\/SENSE-LOGO-FINAL_title_baseline-nobackground-1436x1536.png 1436w, https:\/\/schoolsforsense.eu\/wp-content\/uploads\/2023\/09\/SENSE-LOGO-FINAL_title_baseline-nobackground-1914x2048.png 1914w\" sizes=\"(max-width: 957px) 100vw, 957px\" \/>\t\t\t\t\t\t\t\t\t\t\t\t\t\t\t<\/div>\n\t\t\t\t<\/div>\n\t\t\t\t\t<\/div>\n\t\t<\/div>\n\t\t\t\t\t<\/div>\n\t\t<\/section>\n\t\t\t\t<section class=\"elementor-section elementor-top-section elementor-element elementor-element-5525043 elementor-section-boxed elementor-section-height-default elementor-section-height-default wpr-particle-no wpr-jarallax-no wpr-parallax-no wpr-sticky-section-no wpr-equal-height-no\" data-id=\"5525043\" data-element_type=\"section\" data-settings=\"{&quot;_ha_eqh_enable&quot;:false}\">\n\t\t\t\t\t\t<div class=\"elementor-container elementor-column-gap-default\">\n\t\t\t\t\t<div class=\"elementor-column elementor-col-100 elementor-top-column elementor-element elementor-element-101f84c elementor-invisible\" data-id=\"101f84c\" data-element_type=\"column\" data-settings=\"{&quot;animation&quot;:&quot;fadeIn&quot;}\">\n\t\t\t<div class=\"elementor-widget-wrap elementor-element-populated\">\n\t\t\t\t\t\t<div class=\"elementor-element elementor-element-cfdc7f7 elementor-widget elementor-widget-heading\" data-id=\"cfdc7f7\" data-element_type=\"widget\" data-widget_type=\"heading.default\">\n\t\t\t\t<div class=\"elementor-widget-container\">\n\t\t\t\t\t<h2 class=\"elementor-heading-title elementor-size-xl\">Miks me seda projekti teeme?<\/h2>\t\t\t\t<\/div>\n\t\t\t\t<\/div>\n\t\t\t\t<div class=\"elementor-element elementor-element-59c0839 elementor-widget elementor-widget-text-editor\" data-id=\"59c0839\" data-element_type=\"widget\" data-widget_type=\"text-editor.default\">\n\t\t\t\t<div class=\"elementor-widget-container\">\n\t\t\t\t\t\t\t\t\tCOVID-19 pandeemia t\u00f5i esile teismeeas \u00f5pilaste vaimse tervise tugevdamise olulisuse. Kuigi pandeemia avaldas vaimsele tervisele m\u00f5ju k\u00f5igis vanuser\u00fchmades, tundusid lapsed ja noorukid eriti haavatavad ja kannatasid pandeemia ajal kehtestatud piirangute, eriti koos kaaslastega ajaveetmise piirangute, t\u00f5ttu rohkem (1). Kuigi teadusuuringud on veel pooleli (2), hoiatavad ps\u00fchholoogid ja pedagoogid COVID-19 pikaajalise m\u00f5ju eest \u00f5pilastele, eriti nendele \u00f5pilastele, kelle vaimne tervis oli juba enne pandeemiat ohustatud (3). Seega on teismeeas \u00f5pilaste vaimse tervise kaitsmine ja edendamine oluline ka p\u00e4rast pandeemiat. SENSE on Erasmus+ haridusvaldkonna projekt, mille eesm\u00e4rgiks on anda \u00f5petajatele vahendeid, mis v\u00f5imaldavad neil toetada k\u00f5igi \u00f5ppijate edukat toimetulekut koolis ja elus, keskendudes eelk\u00f5ige neile \u00f5pilastele, kellel v\u00f5ib olla riskitegureid, millest tulenevalt v\u00f5ib vaimne tervis ja heaolu vajada tugevdamist.\n<ol>\n \t<li><a href=\"https:\/\/www.uke.de\/kliniken-institute\/kliniken\/kinder-und-jugendpsychiatrie-psychotherapie-undpsychosomatik\/forschung\/arbeitsgruppen\/child-public-health\/forschung\/copsy-studie.html\">https:\/\/www.uke.de\/kliniken-institute\/kliniken\/kinder-und-jugendpsychiatrie-psychotherapie-undpsychosomatik\/forschung\/arbeitsgruppen\/child-public-health\/forschung\/copsy-studie.html<\/a><\/li>\n \t<li><a href=\"https:\/\/lernencovid19.univie.ac.at\/\">https:\/\/lernencovid19.univie.ac.at\/<\/a><\/li>\n \t<li><a href=\"https:\/\/www.unicef.org\/reports\/state-worlds-children-2021\"> https:\/\/www.unicef.org\/reports\/state-worlds-children-2021<\/a><\/li>\n<\/ol>\t\t\t\t\t\t\t\t<\/div>\n\t\t\t\t<\/div>\n\t\t\t\t<div class=\"elementor-element elementor-element-d12f458 elementor-widget elementor-widget-text-editor\" data-id=\"d12f458\" data-element_type=\"widget\" data-widget_type=\"text-editor.default\">\n\t\t\t\t<div class=\"elementor-widget-container\">\n\t\t\t\t\t\t\t\t\t<p><strong>Missioon<\/strong><\/p><p>Teha vaimne tervis ja heaolu n\u00e4htavamaks.<\/p><ul><li>Suurendada vaimse tervise alast teadlikkust.<\/li><li>Muuta suhtumist ja v\u00e4hendada h\u00e4bim\u00e4rgistamist.<\/li><li>Suurendada abi otsimise t\u00f5en\u00e4osust.<\/li><\/ul>\t\t\t\t\t\t\t\t<\/div>\n\t\t\t\t<\/div>\n\t\t\t\t<div class=\"elementor-element elementor-element-d9e8e25 elementor-widget__width-auto elementor-absolute elementor-invisible elementor-widget elementor-widget-image\" data-id=\"d9e8e25\" data-element_type=\"widget\" data-settings=\"{&quot;_animation&quot;:&quot;bounceIn&quot;,&quot;_animation_delay&quot;:600,&quot;_position&quot;:&quot;absolute&quot;}\" data-widget_type=\"image.default\">\n\t\t\t\t<div class=\"elementor-widget-container\">\n\t\t\t\t\t\t\t\t\t\t\t\t\t\t\t<img decoding=\"async\" src=\"https:\/\/schoolsforsense.eu\/wp-content\/uploads\/2023\/09\/angelina-litvin-39774-unsplash.jpg\" title=\"\" alt=\"\" loading=\"lazy\" \/>\t\t\t\t\t\t\t\t\t\t\t\t\t\t\t<\/div>\n\t\t\t\t<\/div>\n\t\t\t\t\t<\/div>\n\t\t<\/div>\n\t\t\t\t\t<\/div>\n\t\t<\/section>\n\t\t\t\t<section class=\"elementor-section elementor-top-section elementor-element elementor-element-2b2bad8 elementor-section-boxed elementor-section-height-default elementor-section-height-default wpr-particle-no wpr-jarallax-no wpr-parallax-no wpr-sticky-section-no wpr-equal-height-no\" data-id=\"2b2bad8\" data-element_type=\"section\" data-settings=\"{&quot;_ha_eqh_enable&quot;:false}\">\n\t\t\t\t\t\t<div class=\"elementor-container elementor-column-gap-default\">\n\t\t\t\t\t<div class=\"elementor-column elementor-col-100 elementor-top-column elementor-element elementor-element-0367e81\" data-id=\"0367e81\" data-element_type=\"column\">\n\t\t\t<div class=\"elementor-widget-wrap elementor-element-populated\">\n\t\t\t\t\t\t<div class=\"elementor-element elementor-element-915aeae elementor-widget elementor-widget-heading\" data-id=\"915aeae\" data-element_type=\"widget\" data-widget_type=\"heading.default\">\n\t\t\t\t<div class=\"elementor-widget-container\">\n\t\t\t\t\t<h2 class=\"elementor-heading-title elementor-size-xl\">Mis on projekti eesm\u00e4rgid?<\/h2>\t\t\t\t<\/div>\n\t\t\t\t<\/div>\n\t\t\t\t<div class=\"elementor-element elementor-element-90b12f3 elementor-widget elementor-widget-text-editor\" data-id=\"90b12f3\" data-element_type=\"widget\" data-widget_type=\"text-editor.default\">\n\t\t\t\t<div class=\"elementor-widget-container\">\n\t\t\t\t\t\t\t\t\t<p>SENSE soovib luua t\u00e4iendkoolituse, et anda \u00f5petajatele teadmisi, ressursse ja oskusi, mis on vajalikud selleks, et nad saaksid edukalt pakkuda \u00f5pilastele vaimse tervise EDENDAMISE, vaimse tervise probleemide ENNETAMISE ja ESMASE SEKKUMISE v\u00f5imalusi. \u00d5petajate asjakohased teadmised ja oskused loovad \u00f5pilastele tingimused edukaks osalemiseks kooli- ja \u00fchiskonnaelus, mis omakorda loob parema aluse nende tulevaseks t\u00e4isv\u00e4\u00e4rtuslikuks t\u00e4iskasvanu- ja t\u00f6\u00f6eluks.<\/p>\n<p>SENSE konsortsium, kuhu kuuluvad partnerid Saksamaalt, Austriast, Belgiast, Hispaaniast ja Eestist ning mida juhib K\u00f6lni \u00dclikool, t\u00e4idab oma eesm\u00e4rke j\u00e4rgmiselt:<\/p>\n<ul>\n<li>Anal\u00fc\u00fcsitakse, kuidas \u00f5petajad saavad hinnata, hoida ja edendada \u00f5pilaste vaimset tervist.<\/li>\n<li>Koostatakse voldik, et t\u00f5sta vaimse terivse teema alast teadlikkust.<\/li>\n<li>T\u00f6\u00f6tatakse v\u00e4lja t\u00e4iendkoolitus ja t\u00f6\u00f6riistakast \u00f5petajatele.<\/li>\n<li>K\u00e4ivitatakse kommunikatsioon, et edendada teadlikkust projektist ning vaimse tervise ja heaolu teemadest koolides.<\/li>\n<li>Rakendatakse professionaalset projektijuhtimist.<\/li>\n<\/ul>\t\t\t\t\t\t\t\t<\/div>\n\t\t\t\t<\/div>\n\t\t\t\t\t<\/div>\n\t\t<\/div>\n\t\t\t\t\t<\/div>\n\t\t<\/section>\n\t\t\t\t<section class=\"elementor-section elementor-top-section elementor-element elementor-element-63a6a0d elementor-section-boxed elementor-section-height-default elementor-section-height-default wpr-particle-no wpr-jarallax-no wpr-parallax-no wpr-sticky-section-no wpr-equal-height-no\" data-id=\"63a6a0d\" data-element_type=\"section\" data-settings=\"{&quot;_ha_eqh_enable&quot;:false}\">\n\t\t\t\t\t\t<div class=\"elementor-container elementor-column-gap-default\">\n\t\t\t\t\t<div class=\"elementor-column elementor-col-100 elementor-top-column elementor-element elementor-element-8c2e7f2\" data-id=\"8c2e7f2\" data-element_type=\"column\">\n\t\t\t<div class=\"elementor-widget-wrap elementor-element-populated\">\n\t\t\t\t\t\t<div class=\"elementor-element elementor-element-a65a097 elementor-widget elementor-widget-heading\" data-id=\"a65a097\" data-element_type=\"widget\" data-widget_type=\"heading.default\">\n\t\t\t\t<div class=\"elementor-widget-container\">\n\t\t\t\t\t<h2 class=\"elementor-heading-title elementor-size-xl\">Millised on projekti kavandatud tulemused?<\/h2>\t\t\t\t<\/div>\n\t\t\t\t<\/div>\n\t\t\t\t<div class=\"elementor-element elementor-element-2334ad4 elementor-widget elementor-widget-text-editor\" data-id=\"2334ad4\" data-element_type=\"widget\" data-widget_type=\"text-editor.default\">\n\t\t\t\t<div class=\"elementor-widget-container\">\n\t\t\t\t\t\t\t\t\t<p>SENSE tulemusena valmivad inglise, saksa, hollandi, hispaania ja eesti keeles:<\/p>\t\t\t\t\t\t\t\t<\/div>\n\t\t\t\t<\/div>\n\t\t\t\t<section class=\"elementor-section elementor-inner-section elementor-element elementor-element-03b3ddb elementor-section-boxed elementor-section-height-default elementor-section-height-default wpr-particle-no wpr-jarallax-no wpr-parallax-no wpr-sticky-section-no wpr-equal-height-no\" data-id=\"03b3ddb\" data-element_type=\"section\" data-settings=\"{&quot;_ha_eqh_enable&quot;:false}\">\n\t\t\t\t\t\t<div class=\"elementor-container elementor-column-gap-default\">\n\t\t\t<a class=\"eael-wrapper-link-b1d88c2 --eael-wrapper-link-tag\" href=\"https:\/\/schoolsforsense.eu\/sense-brochure\/\"><\/a>\t\t<div data-eael-wrapper-link=\"eael-wrapper-link-b1d88c2\" class=\"elementor-column elementor-col-33 elementor-inner-column elementor-element elementor-element-b1d88c2\" data-id=\"b1d88c2\" data-element_type=\"column\">\n\t\t\t<div class=\"elementor-widget-wrap elementor-element-populated\">\n\t\t\t\t\t\t<div class=\"elementor-element elementor-element-6a0b724 elementor-position-top elementor-widget elementor-widget-image-box\" data-id=\"6a0b724\" data-element_type=\"widget\" data-widget_type=\"image-box.default\">\n\t\t\t\t<div class=\"elementor-widget-container\">\n\t\t\t\t\t<div class=\"elementor-image-box-wrapper\"><figure class=\"elementor-image-box-img\"><img decoding=\"async\" width=\"512\" height=\"512\" src=\"https:\/\/schoolsforsense.eu\/wp-content\/uploads\/2023\/10\/brochure.png\" class=\"attachment-full size-full wp-image-268\" alt=\"\" srcset=\"https:\/\/schoolsforsense.eu\/wp-content\/uploads\/2023\/10\/brochure.png 512w, https:\/\/schoolsforsense.eu\/wp-content\/uploads\/2023\/10\/brochure-300x300.png 300w, https:\/\/schoolsforsense.eu\/wp-content\/uploads\/2023\/10\/brochure-150x150.png 150w\" sizes=\"(max-width: 512px) 100vw, 512px\" \/><\/figure><div class=\"elementor-image-box-content\"><h3 class=\"elementor-image-box-title\">SENSE voldik<\/h3><p class=\"elementor-image-box-description\">Eelk\u00f5ige \u00f5petajatele suunatud teabevoldik, mis sisaldab l\u00fchidalt ja kokkuv\u00f5tlikult teavet vaimse tervise kohta kolmanda ja neljanda kooliastme kontekstis.<\/p><\/div><\/div>\t\t\t\t<\/div>\n\t\t\t\t<\/div>\n\t\t\t\t\t<\/div>\n\t\t<\/div>\n\t\t<a class=\"eael-wrapper-link-bfbc5e3 --eael-wrapper-link-tag\" href=\"https:\/\/schoolsforsense.eu\/sense-toolbox\/\"><\/a>\t\t<div data-eael-wrapper-link=\"eael-wrapper-link-bfbc5e3\" class=\"elementor-column elementor-col-33 elementor-inner-column elementor-element elementor-element-bfbc5e3\" data-id=\"bfbc5e3\" data-element_type=\"column\">\n\t\t\t<div class=\"elementor-widget-wrap elementor-element-populated\">\n\t\t\t\t\t\t<div class=\"elementor-element elementor-element-75c1f38 elementor-position-top elementor-widget elementor-widget-image-box\" data-id=\"75c1f38\" data-element_type=\"widget\" data-widget_type=\"image-box.default\">\n\t\t\t\t<div class=\"elementor-widget-container\">\n\t\t\t\t\t<div class=\"elementor-image-box-wrapper\"><figure class=\"elementor-image-box-img\"><img decoding=\"async\" width=\"512\" height=\"512\" src=\"https:\/\/schoolsforsense.eu\/wp-content\/uploads\/2023\/10\/toolbox.png\" class=\"attachment-full size-full wp-image-266\" alt=\"\" srcset=\"https:\/\/schoolsforsense.eu\/wp-content\/uploads\/2023\/10\/toolbox.png 512w, https:\/\/schoolsforsense.eu\/wp-content\/uploads\/2023\/10\/toolbox-300x300.png 300w, https:\/\/schoolsforsense.eu\/wp-content\/uploads\/2023\/10\/toolbox-150x150.png 150w\" sizes=\"(max-width: 512px) 100vw, 512px\" \/><\/figure><div class=\"elementor-image-box-content\"><h3 class=\"elementor-image-box-title\">SENSE t\u00f6\u00f6riistakast<\/h3><p class=\"elementor-image-box-description\">Vaimse tervise teemaline t\u00f6\u00f6riistakast, mis sisaldab materjale ja meetodeid tundides kasutamiseks.<\/p><\/div><\/div>\t\t\t\t<\/div>\n\t\t\t\t<\/div>\n\t\t\t\t\t<\/div>\n\t\t<\/div>\n\t\t\t\t<div class=\"elementor-column elementor-col-33 elementor-inner-column elementor-element elementor-element-84a08a0\" data-id=\"84a08a0\" data-element_type=\"column\">\n\t\t\t<div class=\"elementor-widget-wrap elementor-element-populated\">\n\t\t\t\t\t\t<div class=\"elementor-element elementor-element-88bf16c elementor-position-top elementor-widget elementor-widget-image-box\" data-id=\"88bf16c\" data-element_type=\"widget\" data-widget_type=\"image-box.default\">\n\t\t\t\t<div class=\"elementor-widget-container\">\n\t\t\t\t\t<div class=\"elementor-image-box-wrapper\"><figure class=\"elementor-image-box-img\"><img loading=\"lazy\" decoding=\"async\" width=\"512\" height=\"512\" src=\"https:\/\/schoolsforsense.eu\/wp-content\/uploads\/2023\/10\/online-learning.png\" class=\"attachment-full size-full wp-image-267\" alt=\"\" srcset=\"https:\/\/schoolsforsense.eu\/wp-content\/uploads\/2023\/10\/online-learning.png 512w, https:\/\/schoolsforsense.eu\/wp-content\/uploads\/2023\/10\/online-learning-300x300.png 300w, https:\/\/schoolsforsense.eu\/wp-content\/uploads\/2023\/10\/online-learning-150x150.png 150w\" sizes=\"(max-width: 512px) 100vw, 512px\" \/><\/figure><div class=\"elementor-image-box-content\"><h3 class=\"elementor-image-box-title\">SENSE kursus<\/h3><p class=\"elementor-image-box-description\">\u00d5petajatele m\u00f5eldud veebip\u00f5hine t\u00e4iendkoolitus.<\/p><\/div><\/div>\t\t\t\t<\/div>\n\t\t\t\t<\/div>\n\t\t\t\t\t<\/div>\n\t\t<\/div>\n\t\t\t\t\t<\/div>\n\t\t<\/section>\n\t\t\t\t<div class=\"elementor-element elementor-element-5002745 elementor-widget elementor-widget-text-editor\" data-id=\"5002745\" data-element_type=\"widget\" data-widget_type=\"text-editor.default\">\n\t\t\t\t<div class=\"elementor-widget-container\">\n\t\t\t\t\t\t\t\t\t<h1><a href=\"https:\/\/schoolsforsense.eu\/elementor-2485\/\">Impressum<\/a><\/h1>\t\t\t\t\t\t\t\t<\/div>\n\t\t\t\t<\/div>\n\t\t\t\t\t<\/div>\n\t\t<\/div>\n\t\t\t\t\t<\/div>\n\t\t<\/section>\n\t\t\t\t<\/div>","protected":false},"excerpt":{"rendered":"<p>Why are we doing the project? The COVID-19 pandemic highlighted the importance of strengthening the mental health of secondary school students. While all sections of society were affected with severe mental health impacts, children and adolescents appeared particularly vulnerable and suffered at a higher rate due to pandemic conditions and the deferral of needs over a long period of time (1). While scientific studies are still ongoing (2) psychologists and educators warn about the long-term impact of COVID-19 on the mental health of students, especially those already at risk before the pandemic (3). The challenge of protecting and promoting the mental health of secondary school students will thus remain post-pandemic. SENSE targets the school sector-specific Erasmus+ priority by adequately equipping teachers to enable all learners, especially students whose mental health and well-being is at risk or compromised, to succeed in school and in life. https:\/\/www.uke.de\/kliniken-institute\/kliniken\/kinder-und-jugendpsychiatrie-psychotherapie-undpsychosomatik\/forschung\/arbeitsgruppen\/child-public-health\/forschung\/copsy-studie.html https:\/\/lernencovid19.univie.ac.at\/ https:\/\/www.unicef.org\/reports\/state-worlds-children-2021 Mission statement Make mental health and wellbeing more visible. Increase mental health literacy. Change attitude and decrease stigma. Make helpseeking behavior more likely. What are the overall project objectives? SENSE wants to create in-service training offers to equip secondary school teachers with the KNOWLEDGE, RESOURCES and SKILLS needed to succeed in providing low threshold PROMOTION, PREVENTION and EARLY INTERVENTION in students\u2019 mental health. Relevant professionalisation of teachers improves pupil\u2019s conditions to participate successfully in school and social life, which in turn provides a better foundation for a fulfilling adult and working life. The SENSE consortium of partner from DE, AT, BE, ES, ET, led by Universit\u00e4t K\u00f6ln, pursues its objectives by: Analysing how secondary school teachers can assess, preserve and strengthen student\u2019s mental health. Producing an awareness-raising and informational brochure. Developing in-service training formats and a toolbox. Launching a wide communication strategy to promote the project and the issue of mental health and well-being in school. Applying professional project management. What are the intended outcomes of the project? SENSE develops 3 key results in English, German, Dutch, Spanish and Estonian language: SENSE Brochure An informational brochure aimed primarily at teachers, containing information on mental health in the context of secondary education in a condensed and concise manner. SENSE Toolbox A mental health toolbox for classroom use, containing materials and methods for the classroom. SENSE Course An in-service training course for secondary school teachers, both face-to-face and online. Impressum<\/p>","protected":false},"author":3,"featured_media":0,"parent":0,"menu_order":0,"comment_status":"closed","ping_status":"closed","template":"","meta":{"site-sidebar-layout":"no-sidebar","site-content-layout":"","ast-site-content-layout":"full-width-container","site-content-style":"default","site-sidebar-style":"default","ast-global-header-display":"","ast-banner-title-visibility":"","ast-main-header-display":"","ast-hfb-above-header-display":"","ast-hfb-below-header-display":"","ast-hfb-mobile-header-display":"","site-post-title":"disabled","ast-breadcrumbs-content":"","ast-featured-img":"disabled","footer-sml-layout":"","theme-transparent-header-meta":"","adv-header-id-meta":"","stick-header-meta":"","header-above-stick-meta":"","header-main-stick-meta":"","header-below-stick-meta":"","astra-migrate-meta-layouts":"default","ast-page-background-enabled":"default","ast-page-background-meta":{"desktop":{"background-color":"var(--ast-global-color-4)","background-image":"","background-repeat":"repeat","background-position":"center center","background-size":"auto","background-attachment":"scroll","background-type":"","background-media":"","overlay-type":"","overlay-color":"","overlay-opacity":"","overlay-gradient":""},"tablet":{"background-color":"","background-image":"","background-repeat":"repeat","background-position":"center center","background-size":"auto","background-attachment":"scroll","background-type":"","background-media":"","overlay-type":"","overlay-color":"","overlay-opacity":"","overlay-gradient":""},"mobile":{"background-color":"","background-image":"","background-repeat":"repeat","background-position":"center center","background-size":"auto","background-attachment":"scroll","background-type":"","background-media":"","overlay-type":"","overlay-color":"","overlay-opacity":"","overlay-gradient":""}},"ast-content-background-meta":{"desktop":{"background-color":"var(--ast-global-color-5)","background-image":"","background-repeat":"repeat","background-position":"center center","background-size":"auto","background-attachment":"scroll","background-type":"","background-media":"","overlay-type":"","overlay-color":"","overlay-opacity":"","overlay-gradient":""},"tablet":{"background-color":"var(--ast-global-color-5)","background-image":"","background-repeat":"repeat","background-position":"center center","background-size":"auto","background-attachment":"scroll","background-type":"","background-media":"","overlay-type":"","overlay-color":"","overlay-opacity":"","overlay-gradient":""},"mobile":{"background-color":"var(--ast-global-color-5)","background-image":"","background-repeat":"repeat","background-position":"center center","background-size":"auto","background-attachment":"scroll","background-type":"","background-media":"","overlay-type":"","overlay-color":"","overlay-opacity":"","overlay-gradient":""}},"footnotes":""},"class_list":["post-123","page","type-page","status-publish","hentry"],"_links":{"self":[{"href":"https:\/\/schoolsforsense.eu\/et\/wp-json\/wp\/v2\/pages\/123","targetHints":{"allow":["GET"]}}],"collection":[{"href":"https:\/\/schoolsforsense.eu\/et\/wp-json\/wp\/v2\/pages"}],"about":[{"href":"https:\/\/schoolsforsense.eu\/et\/wp-json\/wp\/v2\/types\/page"}],"author":[{"embeddable":true,"href":"https:\/\/schoolsforsense.eu\/et\/wp-json\/wp\/v2\/users\/3"}],"replies":[{"embeddable":true,"href":"https:\/\/schoolsforsense.eu\/et\/wp-json\/wp\/v2\/comments?post=123"}],"version-history":[{"count":107,"href":"https:\/\/schoolsforsense.eu\/et\/wp-json\/wp\/v2\/pages\/123\/revisions"}],"predecessor-version":[{"id":2492,"href":"https:\/\/schoolsforsense.eu\/et\/wp-json\/wp\/v2\/pages\/123\/revisions\/2492"}],"wp:attachment":[{"href":"https:\/\/schoolsforsense.eu\/et\/wp-json\/wp\/v2\/media?parent=123"}],"curies":[{"name":"wp","href":"https:\/\/api.w.org\/{rel}","templated":true}]}}