{"id":123,"date":"2023-09-01T09:22:28","date_gmt":"2023-09-01T09:22:28","guid":{"rendered":"https:\/\/schoolsforsense.eu\/?page_id=123"},"modified":"2025-03-20T09:51:01","modified_gmt":"2025-03-20T09:51:01","slug":"home","status":"publish","type":"page","link":"https:\/\/schoolsforsense.eu\/es\/","title":{"rendered":"Inicio"},"content":{"rendered":"<div data-elementor-type=\"wp-page\" data-elementor-id=\"123\" class=\"elementor elementor-123\" data-elementor-settings=\"{&quot;ha_cmc_init_switcher&quot;:&quot;no&quot;}\">\n\t\t\t\t\t\t<section class=\"elementor-section elementor-top-section elementor-element elementor-element-60f65c64 elementor-section-height-min-height elementor-section-items-stretch elementor-reverse-mobile elementor-section-boxed elementor-section-height-default wpr-particle-no wpr-jarallax-no wpr-parallax-no wpr-sticky-section-no wpr-equal-height-no\" data-id=\"60f65c64\" data-element_type=\"section\" data-settings=\"{&quot;background_background&quot;:&quot;gradient&quot;,&quot;shape_divider_bottom&quot;:&quot;waves&quot;,&quot;_ha_eqh_enable&quot;:false}\">\n\t\t\t\t\t\t\t<div class=\"elementor-background-overlay\"><\/div>\n\t\t\t\t\t\t<div class=\"elementor-shape elementor-shape-bottom\" data-negative=\"false\">\n\t\t\t<svg xmlns=\"http:\/\/www.w3.org\/2000\/svg\" viewbox=\"0 0 1000 100\" preserveaspectratio=\"none\">\n\t<path class=\"elementor-shape-fill\" d=\"M421.9,6.5c22.6-2.5,51.5,0.4,75.5,5.3c23.6,4.9,70.9,23.5,100.5,35.7c75.8,32.2,133.7,44.5,192.6,49.7\tc23.6,2.1,48.7,3.5,103.4-2.5c54.7-6,106.2-25.6,106.2-25.6V0H0v30.3c0,0,72,32.6,158.4,30.5c39.2-0.7,92.8-6.7,134-22.4\tc21.2-8.1,52.2-18.2,79.7-24.2C399.3,7.9,411.6,7.5,421.9,6.5z\"\/>\n<\/svg>\t\t<\/div>\n\t\t\t\t\t<div class=\"elementor-container elementor-column-gap-default\">\n\t\t\t\t\t<div class=\"elementor-column elementor-col-100 elementor-top-column elementor-element elementor-element-3b7b6b41\" data-id=\"3b7b6b41\" data-element_type=\"column\">\n\t\t\t<div class=\"elementor-widget-wrap elementor-element-populated\">\n\t\t\t\t\t\t<div class=\"elementor-element elementor-element-7f86721 elementor-widget elementor-widget-image\" data-id=\"7f86721\" data-element_type=\"widget\" data-widget_type=\"image.default\">\n\t\t\t\t<div class=\"elementor-widget-container\">\n\t\t\t\t\t\t\t\t\t\t\t\t\t\t\t<img fetchpriority=\"high\" decoding=\"async\" width=\"957\" height=\"1024\" src=\"https:\/\/schoolsforsense.eu\/wp-content\/uploads\/2023\/09\/SENSE-LOGO-FINAL_title_baseline-nobackground-957x1024.png\" class=\"attachment-large size-large wp-image-74\" alt=\"\" srcset=\"https:\/\/schoolsforsense.eu\/wp-content\/uploads\/2023\/09\/SENSE-LOGO-FINAL_title_baseline-nobackground-957x1024.png 957w, https:\/\/schoolsforsense.eu\/wp-content\/uploads\/2023\/09\/SENSE-LOGO-FINAL_title_baseline-nobackground-280x300.png 280w, https:\/\/schoolsforsense.eu\/wp-content\/uploads\/2023\/09\/SENSE-LOGO-FINAL_title_baseline-nobackground-768x822.png 768w, https:\/\/schoolsforsense.eu\/wp-content\/uploads\/2023\/09\/SENSE-LOGO-FINAL_title_baseline-nobackground-1436x1536.png 1436w, https:\/\/schoolsforsense.eu\/wp-content\/uploads\/2023\/09\/SENSE-LOGO-FINAL_title_baseline-nobackground-1914x2048.png 1914w\" sizes=\"(max-width: 957px) 100vw, 957px\" \/>\t\t\t\t\t\t\t\t\t\t\t\t\t\t\t<\/div>\n\t\t\t\t<\/div>\n\t\t\t\t\t<\/div>\n\t\t<\/div>\n\t\t\t\t\t<\/div>\n\t\t<\/section>\n\t\t\t\t<section class=\"elementor-section elementor-top-section elementor-element elementor-element-5525043 elementor-section-boxed elementor-section-height-default elementor-section-height-default wpr-particle-no wpr-jarallax-no wpr-parallax-no wpr-sticky-section-no wpr-equal-height-no\" data-id=\"5525043\" data-element_type=\"section\" data-settings=\"{&quot;_ha_eqh_enable&quot;:false}\">\n\t\t\t\t\t\t<div class=\"elementor-container elementor-column-gap-default\">\n\t\t\t\t\t<div class=\"elementor-column elementor-col-100 elementor-top-column elementor-element elementor-element-101f84c elementor-invisible\" data-id=\"101f84c\" data-element_type=\"column\" data-settings=\"{&quot;animation&quot;:&quot;fadeIn&quot;}\">\n\t\t\t<div class=\"elementor-widget-wrap elementor-element-populated\">\n\t\t\t\t\t\t<div class=\"elementor-element elementor-element-cfdc7f7 elementor-widget elementor-widget-heading\" data-id=\"cfdc7f7\" data-element_type=\"widget\" data-widget_type=\"heading.default\">\n\t\t\t\t<div class=\"elementor-widget-container\">\n\t\t\t\t\t<h2 class=\"elementor-heading-title elementor-size-xl\">\u00bfPor qu\u00e9 realizamos el proyecto?<\/h2>\t\t\t\t<\/div>\n\t\t\t\t<\/div>\n\t\t\t\t<div class=\"elementor-element elementor-element-59c0839 elementor-widget elementor-widget-text-editor\" data-id=\"59c0839\" data-element_type=\"widget\" data-widget_type=\"text-editor.default\">\n\t\t\t\t<div class=\"elementor-widget-container\">\n\t\t\t\t\t\t\t\t\tLa pandemia de COVID-19 puso de manifiesto la importancia de reforzar la salud mental de los estudiantes de secundaria. Aunque todos los sectores de la sociedad se vieron afectados con graves repercusiones en la salud mental, los ni\u00f1os y adolescentes parec\u00edan especialmente vulnerables y sufrieron en mayor medida debido a las condiciones de la pandemia y a la postergaci\u00f3n de las necesidades durante un largo periodo de tiempo (1). Aunque todav\u00eda se est\u00e1n realizando estudios cient\u00edficos (2), los psic\u00f3logos y educadores advierten sobre el impacto a largo plazo de la COVID-19 en la salud mental de los estudiantes, especialmente de aquellos que ya estaban en situaci\u00f3n de riesgo antes de la pandemia (3). As\u00ed pues, el reto de proteger y promover la salud mental de los estudiantes de secundaria seguir\u00e1 existiendo despu\u00e9s de la pandemia. SENSE se centra en la prioridad Erasmus+ espec\u00edfica del sector escolar equipando adecuadamente a los profesores para que todos los alumnos, especialmente los estudiantes cuya salud mental y bienestar est\u00e1n en riesgo o comprometidos, puedan tener \u00e9xito en la escuela y en la vida.\n<ol>\n \t<li><a href=\"https:\/\/www.uke.de\/kliniken-institute\/kliniken\/kinder-und-jugendpsychiatrie-psychotherapie-undpsychosomatik\/forschung\/arbeitsgruppen\/child-public-health\/forschung\/copsy-studie.html\">https:\/\/www.uke.de\/kliniken-institute\/kliniken\/kinder-und-jugendpsychiatrie-psychotherapie-undpsychosomatik\/forschung\/arbeitsgruppen\/child-public-health\/forschung\/copsy-studie.html<\/a><\/li>\n \t<li><a href=\"https:\/\/lernencovid19.univie.ac.at\/\">https:\/\/lernencovid19.univie.ac.at\/<\/a><\/li>\n \t<li><a href=\"https:\/\/www.unicef.org\/reports\/state-worlds-children-2021\"> https:\/\/www.unicef.org\/reports\/state-worlds-children-2021<\/a><\/li>\n<\/ol>\t\t\t\t\t\t\t\t<\/div>\n\t\t\t\t<\/div>\n\t\t\t\t<div class=\"elementor-element elementor-element-d12f458 elementor-widget elementor-widget-text-editor\" data-id=\"d12f458\" data-element_type=\"widget\" data-widget_type=\"text-editor.default\">\n\t\t\t\t<div class=\"elementor-widget-container\">\n\t\t\t\t\t\t\t\t\t<p><strong>Misi\u00f3n<\/strong><\/p><p>Hacer m\u00e1s visibles la salud mental y el bienestar.<\/p><ul><li>Aumentar los conocimientos sobre salud mental.<\/li><li>Cambiar la actitud y reducir el estigma.<\/li><li>Aumentar la probabilidad de buscar ayuda.<\/li><\/ul>\t\t\t\t\t\t\t\t<\/div>\n\t\t\t\t<\/div>\n\t\t\t\t<div class=\"elementor-element elementor-element-d9e8e25 elementor-widget__width-auto elementor-absolute elementor-invisible elementor-widget elementor-widget-image\" data-id=\"d9e8e25\" data-element_type=\"widget\" data-settings=\"{&quot;_animation&quot;:&quot;bounceIn&quot;,&quot;_animation_delay&quot;:600,&quot;_position&quot;:&quot;absolute&quot;}\" data-widget_type=\"image.default\">\n\t\t\t\t<div class=\"elementor-widget-container\">\n\t\t\t\t\t\t\t\t\t\t\t\t\t\t\t<img decoding=\"async\" src=\"https:\/\/schoolsforsense.eu\/wp-content\/uploads\/2023\/09\/angelina-litvin-39774-unsplash.jpg\" title=\"\" alt=\"\" loading=\"lazy\" \/>\t\t\t\t\t\t\t\t\t\t\t\t\t\t\t<\/div>\n\t\t\t\t<\/div>\n\t\t\t\t\t<\/div>\n\t\t<\/div>\n\t\t\t\t\t<\/div>\n\t\t<\/section>\n\t\t\t\t<section class=\"elementor-section elementor-top-section elementor-element elementor-element-2b2bad8 elementor-section-boxed elementor-section-height-default elementor-section-height-default wpr-particle-no wpr-jarallax-no wpr-parallax-no wpr-sticky-section-no wpr-equal-height-no\" data-id=\"2b2bad8\" data-element_type=\"section\" data-settings=\"{&quot;_ha_eqh_enable&quot;:false}\">\n\t\t\t\t\t\t<div class=\"elementor-container elementor-column-gap-default\">\n\t\t\t\t\t<div class=\"elementor-column elementor-col-100 elementor-top-column elementor-element elementor-element-0367e81\" data-id=\"0367e81\" data-element_type=\"column\">\n\t\t\t<div class=\"elementor-widget-wrap elementor-element-populated\">\n\t\t\t\t\t\t<div class=\"elementor-element elementor-element-915aeae elementor-widget elementor-widget-heading\" data-id=\"915aeae\" data-element_type=\"widget\" data-widget_type=\"heading.default\">\n\t\t\t\t<div class=\"elementor-widget-container\">\n\t\t\t\t\t<h2 class=\"elementor-heading-title elementor-size-xl\">\u00bfCu\u00e1les son los objetivos generales del proyecto?<\/h2>\t\t\t\t<\/div>\n\t\t\t\t<\/div>\n\t\t\t\t<div class=\"elementor-element elementor-element-90b12f3 elementor-widget elementor-widget-text-editor\" data-id=\"90b12f3\" data-element_type=\"widget\" data-widget_type=\"text-editor.default\">\n\t\t\t\t<div class=\"elementor-widget-container\">\n\t\t\t\t\t\t\t\t\t<p>SENSE quiere crear ofertas de formaci\u00f3n continua para dotar a los profesores de secundaria de los CONOCIMIENTOS, RECURSOS y HABILIDADES necesarios para tener \u00e9xito a la hora de proporcionar una PROMOCI\u00d3N, PREVENCI\u00d3N e INTERVENCI\u00d3N PRECOZ de bajo umbral en la salud mental de los alumnos. La profesionalizaci\u00f3n pertinente de los profesores mejora las condiciones de los alumnos para participar con \u00e9xito en la vida escolar y social, lo que a su vez proporciona una mejor base para una vida adulta y laboral satisfactoria.<\/p>\n<p>El consorcio SENSE, formado por socios de DE, AT, BE, ES, ET y dirigido por la Universit\u00e4t K\u00f6ln, persigue sus objetivos mediante:<\/p>\n<ul>\n<li>Analizar c\u00f3mo los profesores de secundaria pueden evaluar, preservar y reforzar la salud mental de los alumnos.<\/li>\n<li>Elaborar un folleto informativo y de sensibilizaci\u00f3n.<\/li>\n<li>Desarrollar formatos de formaci\u00f3n continua y una caja de herramientas.<\/li>\n<li>Poner en marcha una amplia estrategia de comunicaci\u00f3n para promover el proyecto y el tema de la salud mental y el bienestar en la escuela.<\/li>\n<li>Aplicar una gesti\u00f3n profesional del proyecto.<\/li>\n<\/ul>\t\t\t\t\t\t\t\t<\/div>\n\t\t\t\t<\/div>\n\t\t\t\t\t<\/div>\n\t\t<\/div>\n\t\t\t\t\t<\/div>\n\t\t<\/section>\n\t\t\t\t<section class=\"elementor-section elementor-top-section elementor-element elementor-element-63a6a0d elementor-section-boxed elementor-section-height-default elementor-section-height-default wpr-particle-no wpr-jarallax-no wpr-parallax-no wpr-sticky-section-no wpr-equal-height-no\" data-id=\"63a6a0d\" data-element_type=\"section\" data-settings=\"{&quot;_ha_eqh_enable&quot;:false}\">\n\t\t\t\t\t\t<div class=\"elementor-container elementor-column-gap-default\">\n\t\t\t\t\t<div class=\"elementor-column elementor-col-100 elementor-top-column elementor-element elementor-element-8c2e7f2\" data-id=\"8c2e7f2\" data-element_type=\"column\">\n\t\t\t<div class=\"elementor-widget-wrap elementor-element-populated\">\n\t\t\t\t\t\t<div class=\"elementor-element elementor-element-a65a097 elementor-widget elementor-widget-heading\" data-id=\"a65a097\" data-element_type=\"widget\" data-widget_type=\"heading.default\">\n\t\t\t\t<div class=\"elementor-widget-container\">\n\t\t\t\t\t<h2 class=\"elementor-heading-title elementor-size-xl\">\u00bfCu\u00e1les son los resultados previstos del proyecto?<\/h2>\t\t\t\t<\/div>\n\t\t\t\t<\/div>\n\t\t\t\t<div class=\"elementor-element elementor-element-2334ad4 elementor-widget elementor-widget-text-editor\" data-id=\"2334ad4\" data-element_type=\"widget\" data-widget_type=\"text-editor.default\">\n\t\t\t\t<div class=\"elementor-widget-container\">\n\t\t\t\t\t\t\t\t\t<p>SENSE desarrolla 3 resultados clave en ingl\u00e9s, alem\u00e1n, holand\u00e9s, espa\u00f1ol y estonio:<\/p>\t\t\t\t\t\t\t\t<\/div>\n\t\t\t\t<\/div>\n\t\t\t\t<section class=\"elementor-section elementor-inner-section elementor-element elementor-element-03b3ddb elementor-section-boxed elementor-section-height-default elementor-section-height-default wpr-particle-no wpr-jarallax-no wpr-parallax-no wpr-sticky-section-no wpr-equal-height-no\" data-id=\"03b3ddb\" data-element_type=\"section\" data-settings=\"{&quot;_ha_eqh_enable&quot;:false}\">\n\t\t\t\t\t\t<div class=\"elementor-container elementor-column-gap-default\">\n\t\t\t<a class=\"eael-wrapper-link-b1d88c2 --eael-wrapper-link-tag\" href=\"https:\/\/schoolsforsense.eu\/sense-brochure\/\"><\/a>\t\t<div data-eael-wrapper-link=\"eael-wrapper-link-b1d88c2\" class=\"elementor-column elementor-col-33 elementor-inner-column elementor-element elementor-element-b1d88c2\" data-id=\"b1d88c2\" data-element_type=\"column\">\n\t\t\t<div class=\"elementor-widget-wrap elementor-element-populated\">\n\t\t\t\t\t\t<div class=\"elementor-element elementor-element-6a0b724 elementor-position-top elementor-widget elementor-widget-image-box\" data-id=\"6a0b724\" data-element_type=\"widget\" data-widget_type=\"image-box.default\">\n\t\t\t\t<div class=\"elementor-widget-container\">\n\t\t\t\t\t<div class=\"elementor-image-box-wrapper\"><figure class=\"elementor-image-box-img\"><img decoding=\"async\" width=\"512\" height=\"512\" src=\"https:\/\/schoolsforsense.eu\/wp-content\/uploads\/2023\/10\/brochure.png\" class=\"attachment-full size-full wp-image-268\" alt=\"\" srcset=\"https:\/\/schoolsforsense.eu\/wp-content\/uploads\/2023\/10\/brochure.png 512w, https:\/\/schoolsforsense.eu\/wp-content\/uploads\/2023\/10\/brochure-300x300.png 300w, https:\/\/schoolsforsense.eu\/wp-content\/uploads\/2023\/10\/brochure-150x150.png 150w\" sizes=\"(max-width: 512px) 100vw, 512px\" \/><\/figure><div class=\"elementor-image-box-content\"><h3 class=\"elementor-image-box-title\">Folleto SENSE<\/h3><p class=\"elementor-image-box-description\">Un folleto informativo dirigido principalmente a los profesores, que contiene informaci\u00f3n sobre la salud mental en el contexto de la educaci\u00f3n secundaria de forma condensada y concisa.<\/p><\/div><\/div>\t\t\t\t<\/div>\n\t\t\t\t<\/div>\n\t\t\t\t\t<\/div>\n\t\t<\/div>\n\t\t<a class=\"eael-wrapper-link-bfbc5e3 --eael-wrapper-link-tag\" href=\"https:\/\/schoolsforsense.eu\/sense-toolbox\/\"><\/a>\t\t<div data-eael-wrapper-link=\"eael-wrapper-link-bfbc5e3\" class=\"elementor-column elementor-col-33 elementor-inner-column elementor-element elementor-element-bfbc5e3\" data-id=\"bfbc5e3\" data-element_type=\"column\">\n\t\t\t<div class=\"elementor-widget-wrap elementor-element-populated\">\n\t\t\t\t\t\t<div class=\"elementor-element elementor-element-75c1f38 elementor-position-top elementor-widget elementor-widget-image-box\" data-id=\"75c1f38\" data-element_type=\"widget\" data-widget_type=\"image-box.default\">\n\t\t\t\t<div class=\"elementor-widget-container\">\n\t\t\t\t\t<div class=\"elementor-image-box-wrapper\"><figure class=\"elementor-image-box-img\"><img decoding=\"async\" width=\"512\" height=\"512\" src=\"https:\/\/schoolsforsense.eu\/wp-content\/uploads\/2023\/10\/toolbox.png\" class=\"attachment-full size-full wp-image-266\" alt=\"\" srcset=\"https:\/\/schoolsforsense.eu\/wp-content\/uploads\/2023\/10\/toolbox.png 512w, https:\/\/schoolsforsense.eu\/wp-content\/uploads\/2023\/10\/toolbox-300x300.png 300w, https:\/\/schoolsforsense.eu\/wp-content\/uploads\/2023\/10\/toolbox-150x150.png 150w\" sizes=\"(max-width: 512px) 100vw, 512px\" \/><\/figure><div class=\"elementor-image-box-content\"><h3 class=\"elementor-image-box-title\">Caja de herramientas SENSE<\/h3><p class=\"elementor-image-box-description\">Una caja de herramientas sobre salud mental para su uso en el aula, que contiene materiales y m\u00e9todos para el aula.<\/p><\/div><\/div>\t\t\t\t<\/div>\n\t\t\t\t<\/div>\n\t\t\t\t\t<\/div>\n\t\t<\/div>\n\t\t\t\t<div class=\"elementor-column elementor-col-33 elementor-inner-column elementor-element elementor-element-84a08a0\" data-id=\"84a08a0\" data-element_type=\"column\">\n\t\t\t<div class=\"elementor-widget-wrap elementor-element-populated\">\n\t\t\t\t\t\t<div class=\"elementor-element elementor-element-88bf16c elementor-position-top elementor-widget elementor-widget-image-box\" data-id=\"88bf16c\" data-element_type=\"widget\" data-widget_type=\"image-box.default\">\n\t\t\t\t<div class=\"elementor-widget-container\">\n\t\t\t\t\t<div class=\"elementor-image-box-wrapper\"><figure class=\"elementor-image-box-img\"><img loading=\"lazy\" decoding=\"async\" width=\"512\" height=\"512\" src=\"https:\/\/schoolsforsense.eu\/wp-content\/uploads\/2023\/10\/online-learning.png\" class=\"attachment-full size-full wp-image-267\" alt=\"\" srcset=\"https:\/\/schoolsforsense.eu\/wp-content\/uploads\/2023\/10\/online-learning.png 512w, https:\/\/schoolsforsense.eu\/wp-content\/uploads\/2023\/10\/online-learning-300x300.png 300w, https:\/\/schoolsforsense.eu\/wp-content\/uploads\/2023\/10\/online-learning-150x150.png 150w\" sizes=\"(max-width: 512px) 100vw, 512px\" \/><\/figure><div class=\"elementor-image-box-content\"><h3 class=\"elementor-image-box-title\">Curso SENSE<\/h3><p class=\"elementor-image-box-description\">Un curso de formaci\u00f3n continua para profesores de secundaria, tanto presencial como en l\u00ednea.<\/p><\/div><\/div>\t\t\t\t<\/div>\n\t\t\t\t<\/div>\n\t\t\t\t\t<\/div>\n\t\t<\/div>\n\t\t\t\t\t<\/div>\n\t\t<\/section>\n\t\t\t\t<div class=\"elementor-element elementor-element-5002745 elementor-widget elementor-widget-text-editor\" data-id=\"5002745\" data-element_type=\"widget\" data-widget_type=\"text-editor.default\">\n\t\t\t\t<div class=\"elementor-widget-container\">\n\t\t\t\t\t\t\t\t\t<h1><a href=\"https:\/\/schoolsforsense.eu\/elementor-2485\/\">Impressum<\/a><\/h1>\t\t\t\t\t\t\t\t<\/div>\n\t\t\t\t<\/div>\n\t\t\t\t\t<\/div>\n\t\t<\/div>\n\t\t\t\t\t<\/div>\n\t\t<\/section>\n\t\t\t\t<\/div>","protected":false},"excerpt":{"rendered":"<p>Why are we doing the project? The COVID-19 pandemic highlighted the importance of strengthening the mental health of secondary school students. While all sections of society were affected with severe mental health impacts, children and adolescents appeared particularly vulnerable and suffered at a higher rate due to pandemic conditions and the deferral of needs over a long period of time (1). While scientific studies are still ongoing (2) psychologists and educators warn about the long-term impact of COVID-19 on the mental health of students, especially those already at risk before the pandemic (3). The challenge of protecting and promoting the mental health of secondary school students will thus remain post-pandemic. SENSE targets the school sector-specific Erasmus+ priority by adequately equipping teachers to enable all learners, especially students whose mental health and well-being is at risk or compromised, to succeed in school and in life. https:\/\/www.uke.de\/kliniken-institute\/kliniken\/kinder-und-jugendpsychiatrie-psychotherapie-undpsychosomatik\/forschung\/arbeitsgruppen\/child-public-health\/forschung\/copsy-studie.html https:\/\/lernencovid19.univie.ac.at\/ https:\/\/www.unicef.org\/reports\/state-worlds-children-2021 Mission statement Make mental health and wellbeing more visible. Increase mental health literacy. Change attitude and decrease stigma. Make helpseeking behavior more likely. What are the overall project objectives? SENSE wants to create in-service training offers to equip secondary school teachers with the KNOWLEDGE, RESOURCES and SKILLS needed to succeed in providing low threshold PROMOTION, PREVENTION and EARLY INTERVENTION in students\u2019 mental health. Relevant professionalisation of teachers improves pupil\u2019s conditions to participate successfully in school and social life, which in turn provides a better foundation for a fulfilling adult and working life. The SENSE consortium of partner from DE, AT, BE, ES, ET, led by Universit\u00e4t K\u00f6ln, pursues its objectives by: Analysing how secondary school teachers can assess, preserve and strengthen student\u2019s mental health. Producing an awareness-raising and informational brochure. Developing in-service training formats and a toolbox. Launching a wide communication strategy to promote the project and the issue of mental health and well-being in school. Applying professional project management. What are the intended outcomes of the project? SENSE develops 3 key results in English, German, Dutch, Spanish and Estonian language: SENSE Brochure An informational brochure aimed primarily at teachers, containing information on mental health in the context of secondary education in a condensed and concise manner. SENSE Toolbox A mental health toolbox for classroom use, containing materials and methods for the classroom. SENSE Course An in-service training course for secondary school teachers, both face-to-face and online. Impressum<\/p>","protected":false},"author":3,"featured_media":0,"parent":0,"menu_order":0,"comment_status":"closed","ping_status":"closed","template":"","meta":{"site-sidebar-layout":"no-sidebar","site-content-layout":"","ast-site-content-layout":"full-width-container","site-content-style":"default","site-sidebar-style":"default","ast-global-header-display":"","ast-banner-title-visibility":"","ast-main-header-display":"","ast-hfb-above-header-display":"","ast-hfb-below-header-display":"","ast-hfb-mobile-header-display":"","site-post-title":"disabled","ast-breadcrumbs-content":"","ast-featured-img":"disabled","footer-sml-layout":"","theme-transparent-header-meta":"","adv-header-id-meta":"","stick-header-meta":"","header-above-stick-meta":"","header-main-stick-meta":"","header-below-stick-meta":"","astra-migrate-meta-layouts":"default","ast-page-background-enabled":"default","ast-page-background-meta":{"desktop":{"background-color":"var(--ast-global-color-4)","background-image":"","background-repeat":"repeat","background-position":"center center","background-size":"auto","background-attachment":"scroll","background-type":"","background-media":"","overlay-type":"","overlay-color":"","overlay-opacity":"","overlay-gradient":""},"tablet":{"background-color":"","background-image":"","background-repeat":"repeat","background-position":"center center","background-size":"auto","background-attachment":"scroll","background-type":"","background-media":"","overlay-type":"","overlay-color":"","overlay-opacity":"","overlay-gradient":""},"mobile":{"background-color":"","background-image":"","background-repeat":"repeat","background-position":"center center","background-size":"auto","background-attachment":"scroll","background-type":"","background-media":"","overlay-type":"","overlay-color":"","overlay-opacity":"","overlay-gradient":""}},"ast-content-background-meta":{"desktop":{"background-color":"var(--ast-global-color-5)","background-image":"","background-repeat":"repeat","background-position":"center center","background-size":"auto","background-attachment":"scroll","background-type":"","background-media":"","overlay-type":"","overlay-color":"","overlay-opacity":"","overlay-gradient":""},"tablet":{"background-color":"var(--ast-global-color-5)","background-image":"","background-repeat":"repeat","background-position":"center center","background-size":"auto","background-attachment":"scroll","background-type":"","background-media":"","overlay-type":"","overlay-color":"","overlay-opacity":"","overlay-gradient":""},"mobile":{"background-color":"var(--ast-global-color-5)","background-image":"","background-repeat":"repeat","background-position":"center center","background-size":"auto","background-attachment":"scroll","background-type":"","background-media":"","overlay-type":"","overlay-color":"","overlay-opacity":"","overlay-gradient":""}},"footnotes":""},"class_list":["post-123","page","type-page","status-publish","hentry"],"_links":{"self":[{"href":"https:\/\/schoolsforsense.eu\/es\/wp-json\/wp\/v2\/pages\/123","targetHints":{"allow":["GET"]}}],"collection":[{"href":"https:\/\/schoolsforsense.eu\/es\/wp-json\/wp\/v2\/pages"}],"about":[{"href":"https:\/\/schoolsforsense.eu\/es\/wp-json\/wp\/v2\/types\/page"}],"author":[{"embeddable":true,"href":"https:\/\/schoolsforsense.eu\/es\/wp-json\/wp\/v2\/users\/3"}],"replies":[{"embeddable":true,"href":"https:\/\/schoolsforsense.eu\/es\/wp-json\/wp\/v2\/comments?post=123"}],"version-history":[{"count":107,"href":"https:\/\/schoolsforsense.eu\/es\/wp-json\/wp\/v2\/pages\/123\/revisions"}],"predecessor-version":[{"id":2492,"href":"https:\/\/schoolsforsense.eu\/es\/wp-json\/wp\/v2\/pages\/123\/revisions\/2492"}],"wp:attachment":[{"href":"https:\/\/schoolsforsense.eu\/es\/wp-json\/wp\/v2\/media?parent=123"}],"curies":[{"name":"wp","href":"https:\/\/api.w.org\/{rel}","templated":true}]}}