{"id":376,"date":"2024-01-16T10:19:23","date_gmt":"2024-01-16T10:19:23","guid":{"rendered":"https:\/\/schoolsforsense.eu\/?page_id=376"},"modified":"2024-06-06T12:59:57","modified_gmt":"2024-06-06T12:59:57","slug":"examples-of-what-was-on-the-program","status":"publish","type":"page","link":"https:\/\/schoolsforsense.eu\/de\/examples-of-what-was-on-the-program\/","title":{"rendered":"Beispiele f\u00fcr das, was auf dem Programm stand"},"content":{"rendered":"<div data-elementor-type=\"wp-page\" data-elementor-id=\"376\" class=\"elementor elementor-376\" data-elementor-settings=\"{&quot;ha_cmc_init_switcher&quot;:&quot;no&quot;}\">\n\t\t\t\t\t\t<section class=\"elementor-section elementor-top-section elementor-element elementor-element-b0538e7 elementor-section-height-min-height elementor-section-items-stretch elementor-reverse-mobile elementor-section-boxed elementor-section-height-default wpr-particle-no wpr-jarallax-no wpr-parallax-no wpr-sticky-section-no\" data-id=\"b0538e7\" data-element_type=\"section\" data-settings=\"{&quot;background_background&quot;:&quot;gradient&quot;,&quot;shape_divider_bottom&quot;:&quot;waves&quot;,&quot;_ha_eqh_enable&quot;:false}\">\n\t\t\t\t\t\t\t<div class=\"elementor-background-overlay\"><\/div>\n\t\t\t\t\t\t<div class=\"elementor-shape elementor-shape-bottom\" data-negative=\"false\">\n\t\t\t<svg xmlns=\"http:\/\/www.w3.org\/2000\/svg\" viewbox=\"0 0 1000 100\" preserveaspectratio=\"none\">\n\t<path class=\"elementor-shape-fill\" d=\"M421.9,6.5c22.6-2.5,51.5,0.4,75.5,5.3c23.6,4.9,70.9,23.5,100.5,35.7c75.8,32.2,133.7,44.5,192.6,49.7\tc23.6,2.1,48.7,3.5,103.4-2.5c54.7-6,106.2-25.6,106.2-25.6V0H0v30.3c0,0,72,32.6,158.4,30.5c39.2-0.7,92.8-6.7,134-22.4\tc21.2-8.1,52.2-18.2,79.7-24.2C399.3,7.9,411.6,7.5,421.9,6.5z\"\/>\n<\/svg>\t\t<\/div>\n\t\t\t\t\t<div class=\"elementor-container elementor-column-gap-default\">\n\t\t\t\t\t<div class=\"elementor-column elementor-col-100 elementor-top-column elementor-element elementor-element-cb9f754 elementor-invisible\" data-id=\"cb9f754\" data-element_type=\"column\" data-settings=\"{&quot;animation&quot;:&quot;fadeIn&quot;}\">\n\t\t\t<div class=\"elementor-widget-wrap elementor-element-populated\">\n\t\t\t\t\t\t<div class=\"elementor-element elementor-element-969675d elementor-widget elementor-widget-heading\" data-id=\"969675d\" data-element_type=\"widget\" data-widget_type=\"heading.default\">\n\t\t\t\t<div class=\"elementor-widget-container\">\n\t\t\t\t\t<h1 class=\"elementor-heading-title elementor-size-default\">Beispiele f\u00fcr das, was auf dem Programm stand<\/h1>\t\t\t\t<\/div>\n\t\t\t\t<\/div>\n\t\t\t\t\t<\/div>\n\t\t<\/div>\n\t\t\t\t\t<\/div>\n\t\t<\/section>\n\t\t\t\t<section class=\"elementor-section elementor-top-section elementor-element elementor-element-aef4b58 elementor-section-boxed elementor-section-height-default elementor-section-height-default wpr-particle-no wpr-jarallax-no wpr-parallax-no wpr-sticky-section-no\" data-id=\"aef4b58\" data-element_type=\"section\" data-settings=\"{&quot;_ha_eqh_enable&quot;:false}\">\n\t\t\t\t\t\t<div class=\"elementor-container elementor-column-gap-default\">\n\t\t\t\t\t<div class=\"elementor-column elementor-col-100 elementor-top-column elementor-element elementor-element-2df7054\" data-id=\"2df7054\" data-element_type=\"column\">\n\t\t\t<div class=\"elementor-widget-wrap elementor-element-populated\">\n\t\t\t\t\t\t<div class=\"elementor-element elementor-element-c0d9c11 elementor-widget elementor-widget-text-editor\" data-id=\"c0d9c11\" data-element_type=\"widget\" data-widget_type=\"text-editor.default\">\n\t\t\t\t<div class=\"elementor-widget-container\">\n\t\t\t\t\t\t\t\t\t<p class=\" translation-block\">Wir haben beschlossen, uns auf das Zweifaktor-Modell der psychische Gesundheit zu beziehen. <br>Dieses untersucht sowohl das Wohlbefinden, aber auch die Symptomatik\/das Verhalten.<\/p>\t\t\t\t\t\t\t\t<\/div>\n\t\t\t\t<\/div>\n\t\t\t\t<div class=\"elementor-element elementor-element-4979844 elementor-widget elementor-widget-image\" data-id=\"4979844\" data-element_type=\"widget\" data-widget_type=\"image.default\">\n\t\t\t\t<div class=\"elementor-widget-container\">\n\t\t\t\t\t\t\t\t\t\t\t\t<figure class=\"wp-caption\">\n\t\t\t\t\t\t\t\t\t\t<img fetchpriority=\"high\" decoding=\"async\" width=\"1024\" height=\"754\" src=\"https:\/\/schoolsforsense.eu\/wp-content\/uploads\/2024\/01\/Afbeelding4-1-1024x754.png\" class=\"attachment-large size-large wp-image-379\" alt=\"\" srcset=\"https:\/\/schoolsforsense.eu\/wp-content\/uploads\/2024\/01\/Afbeelding4-1-1024x754.png 1024w, https:\/\/schoolsforsense.eu\/wp-content\/uploads\/2024\/01\/Afbeelding4-1-300x221.png 300w, https:\/\/schoolsforsense.eu\/wp-content\/uploads\/2024\/01\/Afbeelding4-1-768x566.png 768w, https:\/\/schoolsforsense.eu\/wp-content\/uploads\/2024\/01\/Afbeelding4-1.png 1056w\" sizes=\"(max-width: 1024px) 100vw, 1024px\" \/>\t\t\t\t\t\t\t\t\t\t\t<figcaption class=\"widget-image-caption wp-caption-text\">https:\/\/www.semanticscholar.org\/paper\/Examining-the-Longitudinal-Stability-of-a-Model-of-Compton\/2afc39bdc6dcfc48039c73d090f4b8edb36e55d5<\/figcaption>\n\t\t\t\t\t\t\t\t\t\t<\/figure>\n\t\t\t\t\t\t\t\t\t<\/div>\n\t\t\t\t<\/div>\n\t\t\t\t<div class=\"elementor-element elementor-element-f740811 elementor-widget elementor-widget-text-editor\" data-id=\"f740811\" data-element_type=\"widget\" data-widget_type=\"text-editor.default\">\n\t\t\t\t<div class=\"elementor-widget-container\">\n\t\t\t\t\t\t\t\t\t<p class=\" translation-block\">Wir haben uns nochmals vergewissert, dass es Sinn macht, sich auf die Adoleszenz zu konzentrieren. Sie ist eine sehr sensible Entwicklungsphase. Die Symptome der psychischen Gesundheit nehmen zu und das subjektive Wohlbefinden nimmt ab. Au\u00dferdem gibt es zahlreiche Ver\u00e4nderungen: biologische (z.B. Pubert\u00e4t), psychologische (z.B. Identit\u00e4tsbildung) und sozio-\u00f6kologische (z.B. Schulwechsel).<\/p><p class=\" translation-block\">Was sind die Ursachen f\u00fcr psychische Gesundheitsprobleme? Nun, die Anf\u00e4lligkeit \u00fcbersteigt die Resilienz. Es besteht eine dynamische Wechselwirkung zwischen Anf\u00e4lligkeit und Stressor. Zu den Folgen von psychischen Problemen geh\u00f6ren Vermeidung, R\u00fcckzug, verst\u00e4rkte Konflikte und Schulabwesenheit. Diese Auswirkungen haben negative Langzeitfolgen.<\/p>\t\t\t\t\t\t\t\t<\/div>\n\t\t\t\t<\/div>\n\t\t\t\t<div class=\"elementor-element elementor-element-610c28d elementor-widget elementor-widget-image\" data-id=\"610c28d\" data-element_type=\"widget\" data-widget_type=\"image.default\">\n\t\t\t\t<div class=\"elementor-widget-container\">\n\t\t\t\t\t\t\t\t\t\t\t\t<figure class=\"wp-caption\">\n\t\t\t\t\t\t\t\t\t\t<img decoding=\"async\" width=\"784\" height=\"677\" src=\"https:\/\/schoolsforsense.eu\/wp-content\/uploads\/2024\/01\/A-representation-of-the-conceptual-balance-between-vulnerability-and-resilience-in.jpg\" class=\"attachment-large size-large wp-image-380\" alt=\"\" srcset=\"https:\/\/schoolsforsense.eu\/wp-content\/uploads\/2024\/01\/A-representation-of-the-conceptual-balance-between-vulnerability-and-resilience-in.jpg 784w, https:\/\/schoolsforsense.eu\/wp-content\/uploads\/2024\/01\/A-representation-of-the-conceptual-balance-between-vulnerability-and-resilience-in-300x259.jpg 300w, https:\/\/schoolsforsense.eu\/wp-content\/uploads\/2024\/01\/A-representation-of-the-conceptual-balance-between-vulnerability-and-resilience-in-768x663.jpg 768w\" sizes=\"(max-width: 784px) 100vw, 784px\" \/>\t\t\t\t\t\t\t\t\t\t\t<figcaption class=\"widget-image-caption wp-caption-text\">https:\/\/www.researchgate.net\/figure\/A-representation-of-the-conceptual-balance-between-vulnerability-and-resilience-in_fig1_261999358<\/figcaption>\n\t\t\t\t\t\t\t\t\t\t<\/figure>\n\t\t\t\t\t\t\t\t\t<\/div>\n\t\t\t\t<\/div>\n\t\t\t\t<div class=\"elementor-element elementor-element-23a085b elementor-widget elementor-widget-text-editor\" data-id=\"23a085b\" data-element_type=\"widget\" data-widget_type=\"text-editor.default\">\n\t\t\t\t<div class=\"elementor-widget-container\">\n\t\t\t\t\t\t\t\t\t<p class=\" translation-block\"><b>Was kann SENSE tun?<\/b> (Weitere) F\u00f6rderung, Pr\u00e4vention und Fr\u00fchintervention. Unser erkl\u00e4rtes Ziel ist es, psychische Gesundheit und Wohlbefinden besser sichtbar machen. das Wissen \u00fcber psychische Gesundheit verbessern, die Einstellung positiv ver\u00e4ndern, Stigmatisierung abbauen und die Wahrscheinlichkeit erh\u00f6hen, dass Hilfe in Anspruch genommen wird.<\/p>\t\t\t\t\t\t\t\t<\/div>\n\t\t\t\t<\/div>\n\t\t\t\t\t<\/div>\n\t\t<\/div>\n\t\t\t\t\t<\/div>\n\t\t<\/section>\n\t\t\t\t<\/div>","protected":false},"excerpt":{"rendered":"<p>Examples of what was on the program We talked about dual-factor mental health in adolescence. Here, we looked at well-being but also symptomatic behaviour in adolescents. https:\/\/www.semanticscholar.org\/paper\/Examining-the-Longitudinal-Stability-of-a-Model-of-Compton\/2afc39bdc6dcfc48039c73d090f4b8edb36e55d5 We focused on adolescence, why? It is a very sensitive developmental period. An increase in mental health symptoms and a decrease in subjective well-being. Moreover, there are multiple changes: biological (e.g. puberty), psychological (e.g. identity formation) and socio-ecological (e.g. change of school). What causes mental health problems? Well, vulnerability exceeds resilience. There is a dynamic interaction between vulnerability and stressor. Consequences of mental health problems include avoidance, withdrawal, increased conflict and school absenteeism. These effects have negative long-term consequences. https:\/\/www.researchgate.net\/figure\/A-representation-of-the-conceptual-balance-between-vulnerability-and-resilience-in_fig1_261999358 What can SENSE do? (Further) promotion, prevention and early intervention. Our mission statement is: Make mental health and well-being more visible. Increase mental health knowledge, change attitudes and reduce stigma and make help-seeking behaviour more likely.<\/p>","protected":false},"author":3,"featured_media":0,"parent":0,"menu_order":0,"comment_status":"closed","ping_status":"closed","template":"","meta":{"site-sidebar-layout":"no-sidebar","site-content-layout":"","ast-site-content-layout":"full-width-container","site-content-style":"default","site-sidebar-style":"default","ast-global-header-display":"","ast-banner-title-visibility":"","ast-main-header-display":"","ast-hfb-above-header-display":"","ast-hfb-below-header-display":"","ast-hfb-mobile-header-display":"","site-post-title":"disabled","ast-breadcrumbs-content":"","ast-featured-img":"disabled","footer-sml-layout":"","theme-transparent-header-meta":"","adv-header-id-meta":"","stick-header-meta":"","header-above-stick-meta":"","header-main-stick-meta":"","header-below-stick-meta":"","astra-migrate-meta-layouts":"default","ast-page-background-enabled":"default","ast-page-background-meta":{"desktop":{"background-color":"var(--ast-global-color-4)","background-image":"","background-repeat":"repeat","background-position":"center center","background-size":"auto","background-attachment":"scroll","background-type":"","background-media":"","overlay-type":"","overlay-color":"","overlay-opacity":"","overlay-gradient":""},"tablet":{"background-color":"","background-image":"","background-repeat":"repeat","background-position":"center center","background-size":"auto","background-attachment":"scroll","background-type":"","background-media":"","overlay-type":"","overlay-color":"","overlay-opacity":"","overlay-gradient":""},"mobile":{"background-color":"","background-image":"","background-repeat":"repeat","background-position":"center center","background-size":"auto","background-attachment":"scroll","background-type":"","background-media":"","overlay-type":"","overlay-color":"","overlay-opacity":"","overlay-gradient":""}},"ast-content-background-meta":{"desktop":{"background-color":"var(--ast-global-color-5)","background-image":"","background-repeat":"repeat","background-position":"center center","background-size":"auto","background-attachment":"scroll","background-type":"","background-media":"","overlay-type":"","overlay-color":"","overlay-opacity":"","overlay-gradient":""},"tablet":{"background-color":"var(--ast-global-color-5)","background-image":"","background-repeat":"repeat","background-position":"center center","background-size":"auto","background-attachment":"scroll","background-type":"","background-media":"","overlay-type":"","overlay-color":"","overlay-opacity":"","overlay-gradient":""},"mobile":{"background-color":"var(--ast-global-color-5)","background-image":"","background-repeat":"repeat","background-position":"center center","background-size":"auto","background-attachment":"scroll","background-type":"","background-media":"","overlay-type":"","overlay-color":"","overlay-opacity":"","overlay-gradient":""}},"footnotes":""},"class_list":["post-376","page","type-page","status-publish","hentry"],"_links":{"self":[{"href":"https:\/\/schoolsforsense.eu\/de\/wp-json\/wp\/v2\/pages\/376","targetHints":{"allow":["GET"]}}],"collection":[{"href":"https:\/\/schoolsforsense.eu\/de\/wp-json\/wp\/v2\/pages"}],"about":[{"href":"https:\/\/schoolsforsense.eu\/de\/wp-json\/wp\/v2\/types\/page"}],"author":[{"embeddable":true,"href":"https:\/\/schoolsforsense.eu\/de\/wp-json\/wp\/v2\/users\/3"}],"replies":[{"embeddable":true,"href":"https:\/\/schoolsforsense.eu\/de\/wp-json\/wp\/v2\/comments?post=376"}],"version-history":[{"count":7,"href":"https:\/\/schoolsforsense.eu\/de\/wp-json\/wp\/v2\/pages\/376\/revisions"}],"predecessor-version":[{"id":602,"href":"https:\/\/schoolsforsense.eu\/de\/wp-json\/wp\/v2\/pages\/376\/revisions\/602"}],"wp:attachment":[{"href":"https:\/\/schoolsforsense.eu\/de\/wp-json\/wp\/v2\/media?parent=376"}],"curies":[{"name":"wp","href":"https:\/\/api.w.org\/{rel}","templated":true}]}}