{"id":360,"date":"2024-01-16T10:04:34","date_gmt":"2024-01-16T10:04:34","guid":{"rendered":"https:\/\/schoolsforsense.eu\/?page_id=360"},"modified":"2024-08-06T17:28:34","modified_gmt":"2024-08-06T17:28:34","slug":"example-of-a-letter-from-a-young-person","status":"publish","type":"page","link":"https:\/\/schoolsforsense.eu\/de\/example-of-a-letter-from-a-young-person\/","title":{"rendered":"Beispiele f\u00fcr Briefe von Jugendlichen"},"content":{"rendered":"<div data-elementor-type=\"wp-page\" data-elementor-id=\"360\" class=\"elementor elementor-360\" data-elementor-settings=\"{&quot;ha_cmc_init_switcher&quot;:&quot;no&quot;}\">\n\t\t\t\t\t\t<section class=\"elementor-section elementor-top-section elementor-element elementor-element-b0538e7 elementor-section-height-min-height elementor-section-items-stretch elementor-reverse-mobile elementor-section-boxed elementor-section-height-default wpr-particle-no wpr-jarallax-no wpr-parallax-no wpr-sticky-section-no\" data-id=\"b0538e7\" data-element_type=\"section\" data-settings=\"{&quot;background_background&quot;:&quot;gradient&quot;,&quot;shape_divider_bottom&quot;:&quot;waves&quot;,&quot;_ha_eqh_enable&quot;:false}\">\n\t\t\t\t\t\t\t<div class=\"elementor-background-overlay\"><\/div>\n\t\t\t\t\t\t<div class=\"elementor-shape elementor-shape-bottom\" data-negative=\"false\">\n\t\t\t<svg xmlns=\"http:\/\/www.w3.org\/2000\/svg\" viewbox=\"0 0 1000 100\" preserveaspectratio=\"none\">\n\t<path class=\"elementor-shape-fill\" d=\"M421.9,6.5c22.6-2.5,51.5,0.4,75.5,5.3c23.6,4.9,70.9,23.5,100.5,35.7c75.8,32.2,133.7,44.5,192.6,49.7\tc23.6,2.1,48.7,3.5,103.4-2.5c54.7-6,106.2-25.6,106.2-25.6V0H0v30.3c0,0,72,32.6,158.4,30.5c39.2-0.7,92.8-6.7,134-22.4\tc21.2-8.1,52.2-18.2,79.7-24.2C399.3,7.9,411.6,7.5,421.9,6.5z\"\/>\n<\/svg>\t\t<\/div>\n\t\t\t\t\t<div class=\"elementor-container elementor-column-gap-default\">\n\t\t\t\t\t<div class=\"elementor-column elementor-col-100 elementor-top-column elementor-element elementor-element-cb9f754 elementor-invisible\" data-id=\"cb9f754\" data-element_type=\"column\" data-settings=\"{&quot;animation&quot;:&quot;fadeIn&quot;}\">\n\t\t\t<div class=\"elementor-widget-wrap elementor-element-populated\">\n\t\t\t\t\t\t<div class=\"elementor-element elementor-element-969675d elementor-widget elementor-widget-heading\" data-id=\"969675d\" data-element_type=\"widget\" data-widget_type=\"heading.default\">\n\t\t\t\t<div class=\"elementor-widget-container\">\n\t\t\t\t\t<h1 class=\"elementor-heading-title elementor-size-default\">Beispiele f\u00fcr Briefe von Jugendlichen<\/h1>\t\t\t\t<\/div>\n\t\t\t\t<\/div>\n\t\t\t\t\t<\/div>\n\t\t<\/div>\n\t\t\t\t\t<\/div>\n\t\t<\/section>\n\t\t\t\t<section class=\"elementor-section elementor-top-section elementor-element elementor-element-aef4b58 elementor-section-boxed elementor-section-height-default elementor-section-height-default wpr-particle-no wpr-jarallax-no wpr-parallax-no wpr-sticky-section-no\" data-id=\"aef4b58\" data-element_type=\"section\" data-settings=\"{&quot;_ha_eqh_enable&quot;:false}\">\n\t\t\t\t\t\t<div class=\"elementor-container elementor-column-gap-default\">\n\t\t\t\t\t<div class=\"elementor-column elementor-col-100 elementor-top-column elementor-element elementor-element-2df7054\" data-id=\"2df7054\" data-element_type=\"column\">\n\t\t\t<div class=\"elementor-widget-wrap elementor-element-populated\">\n\t\t\t\t\t\t<div class=\"elementor-element elementor-element-4a39ba1 elementor-widget elementor-widget-text-editor\" data-id=\"4a39ba1\" data-element_type=\"widget\" data-widget_type=\"text-editor.default\">\n\t\t\t\t<div class=\"elementor-widget-container\">\n\t\t\t\t\t\t\t\t\t<p>Liebe Lehrerin, lieber Lehrer,\u00a0<\/p><p>Sie haben die Macht, uns beim Lernen, aber auch bei unserem Wohlbefinden zu unterst\u00fctzen.\u00a0 <br \/>Hier ist eine Liste mit Tipps f\u00fcr den Unterricht:\u00a0 <br \/>-Erleichtern Sie regelm\u00e4\u00dfige Diskussionen in der Klasse <br \/>-Fragen Sie von Zeit zu Zeit, wie es uns geht <br \/>-Achten Sie bei der Planung von Aufgaben und Tests auf unsere Agenda <br \/>-Stellen Sie sicher, dass der Weg zur Unterst\u00fctzung der Sch\u00fcler:innen allen klar und zug\u00e4nglich ist.<\/p>\t\t\t\t\t\t\t\t<\/div>\n\t\t\t\t<\/div>\n\t\t\t\t<div class=\"elementor-element elementor-element-6cb53e9 elementor-widget-divider--view-line elementor-widget elementor-widget-divider\" data-id=\"6cb53e9\" data-element_type=\"widget\" data-widget_type=\"divider.default\">\n\t\t\t\t<div class=\"elementor-widget-container\">\n\t\t\t\t\t\t\t<div class=\"elementor-divider\">\n\t\t\t<span class=\"elementor-divider-separator\">\n\t\t\t\t\t\t<\/span>\n\t\t<\/div>\n\t\t\t\t\t\t<\/div>\n\t\t\t\t<\/div>\n\t\t\t\t<div class=\"elementor-element elementor-element-2e0ba9c elementor-widget elementor-widget-text-editor\" data-id=\"2e0ba9c\" data-element_type=\"widget\" data-widget_type=\"text-editor.default\">\n\t\t\t\t<div class=\"elementor-widget-container\">\n\t\t\t\t\t\t\t\t\t<p>Liebe Lehrerin, lieber Lehrer,\u00a0<\/p><p>Ich w\u00fcrde mich besser f\u00fchlen, wenn Sie ab und zu fragen w\u00fcrden, wie es Ihren Sch\u00fcler:innen geht. Wenn die Dinge nicht gut laufen, versuchen Sie, Ihrem:r Sch\u00fcler:in zu helfen. Beziehen Sie sich in Ihrem Unterricht nicht auf das, was die Sch\u00fcler:innen Ihnen pers\u00f6nlich erz\u00e4hlt haben. Bewahren Sie so viel Diskretion wie m\u00f6glich. Fragen Sie nach einem Vorfall, ob sich die Situation gebessert hat. Fragen Sie auch, wie es im Klassenverband l\u00e4uft, denn viele Sch\u00fcler:innen sch\u00f6pfen Kraft aus ihrem Klassenverband.<\/p>\t\t\t\t\t\t\t\t<\/div>\n\t\t\t\t<\/div>\n\t\t\t\t<div class=\"elementor-element elementor-element-1e51aa0 elementor-widget-divider--view-line elementor-widget elementor-widget-divider\" data-id=\"1e51aa0\" data-element_type=\"widget\" data-widget_type=\"divider.default\">\n\t\t\t\t<div class=\"elementor-widget-container\">\n\t\t\t\t\t\t\t<div class=\"elementor-divider\">\n\t\t\t<span class=\"elementor-divider-separator\">\n\t\t\t\t\t\t<\/span>\n\t\t<\/div>\n\t\t\t\t\t\t<\/div>\n\t\t\t\t<\/div>\n\t\t\t\t<div class=\"elementor-element elementor-element-db256bb elementor-widget elementor-widget-text-editor\" data-id=\"db256bb\" data-element_type=\"widget\" data-widget_type=\"text-editor.default\">\n\t\t\t\t<div class=\"elementor-widget-container\">\n\t\t\t\t\t\t\t\t\t<p>Lieber Herr X,\u00a0<\/p><p>F\u00fcr ein gutes Klassenklima w\u00fcrde ich mehr Klassendiskussionen f\u00fchren oder mehr Aktivit\u00e4ten mit der Klasse machen. Das w\u00fcrde die Klasse n\u00e4her zusammenbringen und die Atmosph\u00e4re im Allgemeinen verbessern. Sie sind ein guter Lehrer und man sieht, dass Sie sich um Ihre Sch\u00fcler.innen k\u00fcmmern. Danke, dass Sie Ihr Bestes geben.<\/p>\t\t\t\t\t\t\t\t<\/div>\n\t\t\t\t<\/div>\n\t\t\t\t<div class=\"elementor-element elementor-element-c1b5b20 elementor-widget-divider--view-line elementor-widget elementor-widget-divider\" data-id=\"c1b5b20\" data-element_type=\"widget\" data-widget_type=\"divider.default\">\n\t\t\t\t<div class=\"elementor-widget-container\">\n\t\t\t\t\t\t\t<div class=\"elementor-divider\">\n\t\t\t<span class=\"elementor-divider-separator\">\n\t\t\t\t\t\t<\/span>\n\t\t<\/div>\n\t\t\t\t\t\t<\/div>\n\t\t\t\t<\/div>\n\t\t\t\t<div class=\"elementor-element elementor-element-381e2ba elementor-widget elementor-widget-text-editor\" data-id=\"381e2ba\" data-element_type=\"widget\" data-widget_type=\"text-editor.default\">\n\t\t\t\t<div class=\"elementor-widget-container\">\n\t\t\t\t\t\t\t\t\t<p>Liebe:r Sch\u00fcler:in,<br \/>Sei nicht zu aufdringlich. Sei nicht zu aggressiv. Was du am besten kannst, ist Sanftheit. Deshalb schreibe ich dir. Ein aufgeschlossener Lehrer ist immer zug\u00e4nglicher als jemand, der nicht offen f\u00fcr andere Ansichten ist. Zu akzeptieren, dass jeder seinen eigenen Raum braucht, ist wirklich unerl\u00e4sslich. Zu verstehen, dass jeder Sch\u00fcler einzigartig ist und in seinem eigenen Tempo arbeitet, ist ebenfalls wichtig: Das bringt innere Ruhe. Kurz gesagt, du verstehst den Punkt. Alles ist gut. Das Wohlbefinden ist wichtiger als der Pausengong.<br \/>Mit freundlichen Gr\u00fc\u00dfen und auf Wiedersehen.<\/p>\t\t\t\t\t\t\t\t<\/div>\n\t\t\t\t<\/div>\n\t\t\t\t\t<\/div>\n\t\t<\/div>\n\t\t\t\t\t<\/div>\n\t\t<\/section>\n\t\t\t\t<\/div>","protected":false},"excerpt":{"rendered":"<p>Example of a letter from a young person Dear teacher,\u00a0 You have the power to empower us in our learning, but also in our well-being.\u00a0 Here is a list of tips for the classroom:\u00a0 -Facilitate regular class discussion -Ask how we are doing from time to time -Be aware of our agenda when scheduling tasks &amp; tests -Make sure the route to student support is clear and approachable Dear teacher,\u00a0 I would feel better if you asked every so often how your students are doing. If things are not going well, try to be a help to your student. Do not refer in your lessons to what pupils have told you personally. Keep discretion as much as possible. After an incident, ask if things have improved. Also ask how things are in the class group, many pupils draw strength from their class group. Dear Mr X,\u00a0 For a good class atmosphere, I would have more class discussions or do more activities with the class. This would bring the class closer together and improve the atmosphere in general. You are a good teacher and you see that you care about your students. Thanks for doing your best. Dear you,Don&#8217;t be too intrusive. Don&#8217;t be too aggressive. What you do best is sweet. That is why I am writing to you. An open minded teacher is always more reachable than someone deie not open to other points of view. Accepting that everyone needs space is really a must. Understanding that every pupil is unique and works at their own pace is also important: &#8216;t gives peace of mind. In short you get the point. It&#8217;s all good and well. Well-being is more important than the school bell.Kind regards and goodbye.<\/p>","protected":false},"author":3,"featured_media":0,"parent":0,"menu_order":0,"comment_status":"closed","ping_status":"closed","template":"","meta":{"site-sidebar-layout":"no-sidebar","site-content-layout":"","ast-site-content-layout":"full-width-container","site-content-style":"default","site-sidebar-style":"default","ast-global-header-display":"","ast-banner-title-visibility":"","ast-main-header-display":"","ast-hfb-above-header-display":"","ast-hfb-below-header-display":"","ast-hfb-mobile-header-display":"","site-post-title":"disabled","ast-breadcrumbs-content":"","ast-featured-img":"disabled","footer-sml-layout":"","theme-transparent-header-meta":"","adv-header-id-meta":"","stick-header-meta":"","header-above-stick-meta":"","header-main-stick-meta":"","header-below-stick-meta":"","astra-migrate-meta-layouts":"default","ast-page-background-enabled":"default","ast-page-background-meta":{"desktop":{"background-color":"var(--ast-global-color-4)","background-image":"","background-repeat":"repeat","background-position":"center center","background-size":"auto","background-attachment":"scroll","background-type":"","background-media":"","overlay-type":"","overlay-color":"","overlay-opacity":"","overlay-gradient":""},"tablet":{"background-color":"","background-image":"","background-repeat":"repeat","background-position":"center center","background-size":"auto","background-attachment":"scroll","background-type":"","background-media":"","overlay-type":"","overlay-color":"","overlay-opacity":"","overlay-gradient":""},"mobile":{"background-color":"","background-image":"","background-repeat":"repeat","background-position":"center center","background-size":"auto","background-attachment":"scroll","background-type":"","background-media":"","overlay-type":"","overlay-color":"","overlay-opacity":"","overlay-gradient":""}},"ast-content-background-meta":{"desktop":{"background-color":"var(--ast-global-color-5)","background-image":"","background-repeat":"repeat","background-position":"center center","background-size":"auto","background-attachment":"scroll","background-type":"","background-media":"","overlay-type":"","overlay-color":"","overlay-opacity":"","overlay-gradient":""},"tablet":{"background-color":"var(--ast-global-color-5)","background-image":"","background-repeat":"repeat","background-position":"center center","background-size":"auto","background-attachment":"scroll","background-type":"","background-media":"","overlay-type":"","overlay-color":"","overlay-opacity":"","overlay-gradient":""},"mobile":{"background-color":"var(--ast-global-color-5)","background-image":"","background-repeat":"repeat","background-position":"center center","background-size":"auto","background-attachment":"scroll","background-type":"","background-media":"","overlay-type":"","overlay-color":"","overlay-opacity":"","overlay-gradient":""}},"footnotes":""},"class_list":["post-360","page","type-page","status-publish","hentry"],"_links":{"self":[{"href":"https:\/\/schoolsforsense.eu\/de\/wp-json\/wp\/v2\/pages\/360","targetHints":{"allow":["GET"]}}],"collection":[{"href":"https:\/\/schoolsforsense.eu\/de\/wp-json\/wp\/v2\/pages"}],"about":[{"href":"https:\/\/schoolsforsense.eu\/de\/wp-json\/wp\/v2\/types\/page"}],"author":[{"embeddable":true,"href":"https:\/\/schoolsforsense.eu\/de\/wp-json\/wp\/v2\/users\/3"}],"replies":[{"embeddable":true,"href":"https:\/\/schoolsforsense.eu\/de\/wp-json\/wp\/v2\/comments?post=360"}],"version-history":[{"count":22,"href":"https:\/\/schoolsforsense.eu\/de\/wp-json\/wp\/v2\/pages\/360\/revisions"}],"predecessor-version":[{"id":1925,"href":"https:\/\/schoolsforsense.eu\/de\/wp-json\/wp\/v2\/pages\/360\/revisions\/1925"}],"wp:attachment":[{"href":"https:\/\/schoolsforsense.eu\/de\/wp-json\/wp\/v2\/media?parent=360"}],"curies":[{"name":"wp","href":"https:\/\/api.w.org\/{rel}","templated":true}]}}