{"id":14,"date":"2023-09-01T07:39:29","date_gmt":"2023-09-01T07:39:29","guid":{"rendered":"https:\/\/schoolsforsense.eu\/?page_id=14"},"modified":"2025-01-15T11:16:46","modified_gmt":"2025-01-15T11:16:46","slug":"partners","status":"publish","type":"page","link":"https:\/\/schoolsforsense.eu\/de\/partners\/","title":{"rendered":"Partner"},"content":{"rendered":"<div data-elementor-type=\"wp-page\" data-elementor-id=\"14\" class=\"elementor elementor-14\" data-elementor-settings=\"{&quot;ha_cmc_init_switcher&quot;:&quot;no&quot;}\">\n\t\t\t\t\t\t<section class=\"elementor-section elementor-top-section elementor-element elementor-element-13991fc6 elementor-section-height-min-height elementor-section-items-stretch elementor-reverse-mobile elementor-section-boxed elementor-section-height-default wpr-particle-no wpr-jarallax-no wpr-parallax-no wpr-sticky-section-no wpr-equal-height-no\" data-id=\"13991fc6\" data-element_type=\"section\" data-settings=\"{&quot;background_background&quot;:&quot;gradient&quot;,&quot;shape_divider_bottom&quot;:&quot;waves&quot;,&quot;_ha_eqh_enable&quot;:false}\">\n\t\t\t\t\t\t\t<div class=\"elementor-background-overlay\"><\/div>\n\t\t\t\t\t\t<div class=\"elementor-shape elementor-shape-bottom\" data-negative=\"false\">\n\t\t\t<svg xmlns=\"http:\/\/www.w3.org\/2000\/svg\" viewbox=\"0 0 1000 100\" preserveaspectratio=\"none\">\n\t<path class=\"elementor-shape-fill\" d=\"M421.9,6.5c22.6-2.5,51.5,0.4,75.5,5.3c23.6,4.9,70.9,23.5,100.5,35.7c75.8,32.2,133.7,44.5,192.6,49.7\tc23.6,2.1,48.7,3.5,103.4-2.5c54.7-6,106.2-25.6,106.2-25.6V0H0v30.3c0,0,72,32.6,158.4,30.5c39.2-0.7,92.8-6.7,134-22.4\tc21.2-8.1,52.2-18.2,79.7-24.2C399.3,7.9,411.6,7.5,421.9,6.5z\"\/>\n<\/svg>\t\t<\/div>\n\t\t\t\t\t<div class=\"elementor-container elementor-column-gap-default\">\n\t\t\t\t\t<div class=\"elementor-column elementor-col-100 elementor-top-column elementor-element elementor-element-47857df1 elementor-invisible\" data-id=\"47857df1\" data-element_type=\"column\" data-settings=\"{&quot;animation&quot;:&quot;fadeIn&quot;}\">\n\t\t\t<div class=\"elementor-widget-wrap elementor-element-populated\">\n\t\t\t\t\t\t<div class=\"elementor-element elementor-element-3485e359 elementor-widget elementor-widget-heading\" data-id=\"3485e359\" data-element_type=\"widget\" data-widget_type=\"heading.default\">\n\t\t\t\t<div class=\"elementor-widget-container\">\n\t\t\t\t\t<h1 class=\"elementor-heading-title elementor-size-default\">Partner<\/h1>\t\t\t\t<\/div>\n\t\t\t\t<\/div>\n\t\t\t\t\t<\/div>\n\t\t<\/div>\n\t\t\t\t\t<\/div>\n\t\t<\/section>\n\t\t\t\t<section class=\"elementor-section elementor-top-section elementor-element elementor-element-2052dcda elementor-section-height-min-height elementor-section-items-stretch elementor-section-boxed elementor-section-height-default wpr-particle-no wpr-jarallax-no wpr-parallax-no wpr-sticky-section-no wpr-equal-height-no\" data-id=\"2052dcda\" data-element_type=\"section\" data-settings=\"{&quot;_ha_eqh_enable&quot;:false}\">\n\t\t\t\t\t\t<div class=\"elementor-container elementor-column-gap-no\">\n\t\t\t\t\t<div class=\"elementor-column elementor-col-100 elementor-top-column elementor-element elementor-element-1e72f42d\" data-id=\"1e72f42d\" data-element_type=\"column\">\n\t\t\t<div class=\"elementor-widget-wrap elementor-element-populated\">\n\t\t\t\t\t\t<section class=\"elementor-section elementor-inner-section elementor-element elementor-element-27822e74 elementor-section-full_width elementor-section-height-default elementor-section-height-default wpr-particle-no wpr-jarallax-no wpr-parallax-no wpr-sticky-section-no wpr-equal-height-no\" data-id=\"27822e74\" data-element_type=\"section\" data-settings=\"{&quot;_ha_eqh_enable&quot;:false}\">\n\t\t\t\t\t\t<div class=\"elementor-container elementor-column-gap-default\">\n\t\t\t\t\t<div class=\"elementor-column elementor-col-50 elementor-inner-column elementor-element elementor-element-d4392e4\" data-id=\"d4392e4\" data-element_type=\"column\">\n\t\t\t<div class=\"elementor-widget-wrap elementor-element-populated\">\n\t\t\t\t\t\t<div class=\"elementor-element elementor-element-1893752a elementor-position-top elementor-widget elementor-widget-image-box\" data-id=\"1893752a\" data-element_type=\"widget\" data-widget_type=\"image-box.default\">\n\t\t\t\t<div class=\"elementor-widget-container\">\n\t\t\t\t\t<div class=\"elementor-image-box-wrapper\"><figure class=\"elementor-image-box-img\"><a href=\"http:\/\/uni-koeln.de\" target=\"_blank\" rel=\"nofollow\" tabindex=\"-1\"><img decoding=\"async\" width=\"300\" height=\"135\" src=\"https:\/\/schoolsforsense.eu\/wp-content\/uploads\/2023\/10\/uoc-300x135.jpg\" class=\"attachment-medium size-medium wp-image-209\" alt=\"\" srcset=\"https:\/\/schoolsforsense.eu\/wp-content\/uploads\/2023\/10\/uoc-300x135.jpg 300w, https:\/\/schoolsforsense.eu\/wp-content\/uploads\/2023\/10\/uoc-768x346.jpg 768w, https:\/\/schoolsforsense.eu\/wp-content\/uploads\/2023\/10\/uoc.jpg 909w\" sizes=\"(max-width: 300px) 100vw, 300px\" \/><\/a><\/figure><div class=\"elementor-image-box-content\"><h3 class=\"elementor-image-box-title\"><a href=\"http:\/\/uni-koeln.de\" target=\"_blank\" rel=\"nofollow\">Die Universit\u00e4t zu K\u00f6ln (UoC)<\/a><\/h3><p class=\"elementor-image-box-description\">Die Universit\u00e4t zu K\u00f6ln (UzK) wurde 1388 gegr\u00fcndet und ist damit eine der \u00e4ltesten und gr\u00f6\u00dften Universit\u00e4ten in Europa. Die UzK ist bekannt f\u00fcr ihre hohen Standards in der akademischen Ausbildung und ihr internationales Renommee in Bezug auf akademische Leistungen. Derzeit sind an der UzK mehr als 50.000 Studierende in 337 Studieng\u00e4ngen eingeschrieben. An den sechs Fakult\u00e4ten sind derzeit rund 621 Professoren und Juniorprofessoren sowie mehr als 4800 wissenschaftliche Mitarbeiter t\u00e4tig. Die UzK ist fest entschlossen, das menschliche Wissen durch Grundlagenforschung zu erweitern, jedoch mit Blick auf den Transfer und die Anwendung in der Praxis. Die Mitglieder der Forschungsgruppe sind Doktoranden und wissenschaftliche Mitarbeiter der Abteilung f\u00fcr Sonderp\u00e4dagogik und Rehabilitation unter der Leitung von Univ.-Prof.in Dr. Charlotte Hanisch. Univ.-Prof.in Dr. Charlotte Hanisch und ihr Team sind zugelassene klinische Kinderpsychologinnen und -psychologen mit klinischer und wissenschaftlicher Expertise in klinischer Kinder- und Jugendpsychologie. Sie haben mehrere Schulungsprogramme entwickelt und evaluiert, um das Wissen von Lehrern und Schulpersonal \u00fcber kindliche Entwicklung und psychische Gesundheit zu verbessern.<br><br>\n\nWebsite: uni-koeln.de, https:\/\/www.hf.uni-koeln.de\/621 <\/p><\/div><\/div>\t\t\t\t<\/div>\n\t\t\t\t<\/div>\n\t\t\t\t<div class=\"elementor-element elementor-element-53194baa elementor-position-top ha-has-bg-overlay elementor-widget elementor-widget-image-box\" data-id=\"53194baa\" data-element_type=\"widget\" data-widget_type=\"image-box.default\">\n\t\t\t\t<div class=\"elementor-widget-container\">\n\t\t\t\t\t<div class=\"elementor-image-box-wrapper\"><figure class=\"elementor-image-box-img\"><a href=\"http:\/\/dieberater.com\" target=\"_blank\" rel=\"nofollow\" tabindex=\"-1\"><img decoding=\"async\" width=\"300\" height=\"92\" src=\"https:\/\/schoolsforsense.eu\/wp-content\/uploads\/2023\/10\/gmb-300x92.png\" class=\"attachment-medium size-medium wp-image-211\" alt=\"\" srcset=\"https:\/\/schoolsforsense.eu\/wp-content\/uploads\/2023\/10\/gmb-300x92.png 300w, https:\/\/schoolsforsense.eu\/wp-content\/uploads\/2023\/10\/gmb-768x234.png 768w, https:\/\/schoolsforsense.eu\/wp-content\/uploads\/2023\/10\/gmb.png 868w\" sizes=\"(max-width: 300px) 100vw, 300px\" \/><\/a><\/figure><div class=\"elementor-image-box-content\"><h3 class=\"elementor-image-box-title\"><a href=\"http:\/\/dieberater.com\" target=\"_blank\" rel=\"nofollow\">die Berater Unternehmensberatungs GmbH <\/a><\/h3><p class=\"elementor-image-box-description\">Die Kernkompetenz von \"die Berater\" Unternehmensberatungs GmbH (www.dieberater.com) liegt in der Erwachsenenbildung. die Berater\u00ae arbeitet in rund 45 Filialen in ganz \u00d6sterreich und bietet ganzheitliche Beratung und Training an. Sie coacht Mitarbeiter:innen und F\u00fchrungskr\u00e4fte und hat sich insbesondere auf Soft Skills, Sprach- und IT-Seminare spezialisiert. Das Angebot richtet sich an Einzelpersonen, Unternehmen aller Gr\u00f6\u00dfen und Branchen sowie an den \u00f6ffentlichen Sektor, z.B. das Arbeitsmarktservice (AMS), Ministerien, die Europ\u00e4ische Kommission und andere Stakeholder des Bildungssystems. Die Abteilung Medienkompetenz von die Berater\u00ae entwickelt Bildungsarchitekturen, bietet ma\u00dfgeschneiderte E-Learning- und Mobile-Learning-L\u00f6sungen und produziert State-of-the-Art-E-Learning-Inhalte. Mit seiner Abteilung bridges to europe war die Berater\u00ae an mehr als 160 EU-gef\u00f6rderten Projekten in unterschiedlichen Rollen beteiligt - als Projektkoordinator, Partner und Evaluator. Durch diese Projekte hat sich ein nachhaltiges europ\u00e4isches Partnernetzwerk von mehr als 800 Organisationen aus 45 L\u00e4ndern entwickelt. \n<br><br>\nWebsite: dieberater.com, bridgestoeurope.com <\/p><\/div><\/div>\t\t\t\t<\/div>\n\t\t\t\t<\/div>\n\t\t\t\t\t<\/div>\n\t\t<\/div>\n\t\t\t\t<div class=\"elementor-column elementor-col-50 elementor-inner-column elementor-element elementor-element-385c89f1\" data-id=\"385c89f1\" data-element_type=\"column\">\n\t\t\t<div class=\"elementor-widget-wrap elementor-element-populated\">\n\t\t\t\t\t\t<div class=\"elementor-element elementor-element-1f2db878 elementor-position-top ha-has-bg-overlay elementor-widget elementor-widget-image-box\" data-id=\"1f2db878\" data-element_type=\"widget\" data-widget_type=\"image-box.default\">\n\t\t\t\t<div class=\"elementor-widget-container\">\n\t\t\t\t\t<div class=\"elementor-image-box-wrapper\"><figure class=\"elementor-image-box-img\"><a href=\"https:\/\/research-expertise.ucll.be\/en\" target=\"_blank\" rel=\"nofollow\" tabindex=\"-1\"><img decoding=\"async\" width=\"271\" height=\"68\" src=\"https:\/\/schoolsforsense.eu\/wp-content\/uploads\/2023\/10\/ucll.png\" class=\"attachment-medium size-medium wp-image-210\" alt=\"\" \/><\/a><\/figure><div class=\"elementor-image-box-content\"><h3 class=\"elementor-image-box-title\"><a href=\"https:\/\/research-expertise.ucll.be\/en\" target=\"_blank\" rel=\"nofollow\">Universit\u00e4tskolleg Leuven Limburg (UCLL)<\/a><\/h3><p class=\"elementor-image-box-description\">Das University College Leuven-Limburg (UCLL) ist eine Hochschuleinrichtung in Flandern, Belgien, die f\u00fcr die hohe Qualit\u00e4t ihrer Lehre, Forschung und regionalen Entwicklung bekannt ist. Mehr als 30 professionelle Bachelor-Studieng\u00e4nge und Studieng\u00e4nge f\u00fcr lebenslanges Lernen werden in verschiedenen Disziplinen angeboten, wobei der Schwerpunkt auf dem Gesundheitswesen, der Sozialarbeit, der Wirtschaft und dem Handel, der Lehrerausbildung sowie Wissenschaft und Technologie liegt. Das starke Engagement der UC Leuven-Limburg in der Forschung gew\u00e4hrleistet modernste Ausbildungsprogramme f\u00fcr ihre 15.000 Studenten. Die UC Leuven-Limburg ist Mitglied von Bildungsnetzwerken auf der ganzen Welt und arbeitet eng mit lokalen, regionalen und nationalen politischen Gremien zusammen, wodurch ein breites Netzwerk von Interessengruppen entsteht. \n<br><br>\n\nWebsite: https:\/\/research-expertise.ucll.be\/en, https:\/\/www.ucll.be\/en<\/p><\/div><\/div>\t\t\t\t<\/div>\n\t\t\t\t<\/div>\n\t\t\t\t<div class=\"elementor-element elementor-element-25771f68 elementor-position-top ha-has-bg-overlay elementor-widget elementor-widget-image-box\" data-id=\"25771f68\" data-element_type=\"widget\" data-widget_type=\"image-box.default\">\n\t\t\t\t<div class=\"elementor-widget-container\">\n\t\t\t\t\t<div class=\"elementor-image-box-wrapper\"><figure class=\"elementor-image-box-img\"><a href=\"https:\/\/www.tlu.ee\/en\" target=\"_blank\" rel=\"nofollow\" tabindex=\"-1\"><img loading=\"lazy\" decoding=\"async\" width=\"249\" height=\"96\" src=\"https:\/\/schoolsforsense.eu\/wp-content\/uploads\/2023\/10\/tlu.png\" class=\"attachment-medium size-medium wp-image-212\" alt=\"\" \/><\/a><\/figure><div class=\"elementor-image-box-content\"><h3 class=\"elementor-image-box-title\"><a href=\"https:\/\/www.tlu.ee\/en\" target=\"_blank\" rel=\"nofollow\">Universit\u00e4t Tallinn (TLU) <\/a><\/h3><p class=\"elementor-image-box-description\">Die Universit\u00e4t Tallinn ist eine moderne und dynamische Forschungsuniversit\u00e4t in Estland, die eine f\u00fchrende Rolle bei der F\u00f6rderung eines intelligenten Lebensstils durch Bildung, Forschung und eine einzigartige interdisziplin\u00e4re Zusammenarbeit spielt. Wir sehen einen intelligenten Lebensstil darin, forschungsbasierte Entscheidungen zu treffen, um die Gesellschaft im Allgemeinen und das Wohlergehen ihrer B\u00fcrger:innen zu verbessern. Die Universit\u00e4t Tallinn verf\u00fcgt \u00fcber sechs Schulen und die dazugeh\u00f6rigen Forschungs- und Entwicklungszentren, ein College, 18 Support-Einheiten und die Akademische Bibliothek. Die Universit\u00e4t Tallinn geh\u00f6rt zu den 1001-1200 besten Universit\u00e4ten der Welt und nimmt in den Bereichen Kunst und Geisteswissenschaften, Soziologie, P\u00e4dagogik und Sozialwissenschaften einen Spitzenplatz ein. Unser akademisches Personal besteht aus etwa 500 Personen, die Expert:innen in ihren Fachgebieten Bildung, Geisteswissenschaften, Naturwissenschaften, Sozialwissenschaften, Gesundheitswissenschaften und bildende Kunst sind. Rund 7.000 Studierende sind an der Universit\u00e4t Tallinn im Bachelor-, Master- oder PhD-Studium eingeschrieben.\n<br><br>\nWebsite: https:\/\/www.tlu.ee\/en, https:\/\/www.tlu.ee\/en\/lti  <\/p><\/div><\/div>\t\t\t\t<\/div>\n\t\t\t\t<\/div>\n\t\t\t\t<div class=\"elementor-element elementor-element-5238c60c elementor-position-top ha-has-bg-overlay elementor-widget elementor-widget-image-box\" data-id=\"5238c60c\" data-element_type=\"widget\" data-widget_type=\"image-box.default\">\n\t\t\t\t<div class=\"elementor-widget-container\">\n\t\t\t\t\t<div class=\"elementor-image-box-wrapper\"><figure class=\"elementor-image-box-img\"><a href=\"https:\/\/www.ehu.eus\/en\/en-home\" target=\"_blank\" rel=\"nofollow\" tabindex=\"-1\"><img loading=\"lazy\" decoding=\"async\" width=\"166\" height=\"129\" src=\"https:\/\/schoolsforsense.eu\/wp-content\/uploads\/2023\/10\/ehu.jpg\" class=\"attachment-medium size-medium wp-image-275\" alt=\"\" \/><\/a><\/figure><div class=\"elementor-image-box-content\"><h3 class=\"elementor-image-box-title\"><a href=\"https:\/\/www.ehu.eus\/en\/en-home\" target=\"_blank\" rel=\"nofollow\">Universit\u00e4t des Baskenlandes<\/a><\/h3><p class=\"elementor-image-box-description\">Die Universit\u00e4t des Baskenlandes (baskisch: Euskal Herriko Unibertsitatea; UPV\/EHU), fr\u00fcher die Autonome Universit\u00e4t Bilbao, hat mehr als 35.000 Studierende.\nEines der Merkmale dieser Universit\u00e4t ist die Streuung ihrer Fakult\u00e4ten und Schulen. Sie ist in drei Universit\u00e4tsstandorte unterteilt, die jeweils einer der drei baskischen Provinzen entsprechen: Vizcaya, Guip\u00fazcoa und \u00c1lava. \nDar\u00fcber hinaus ist die UPV\/EHU eine offene und integrative Einrichtung, die jedes Jahr rund 1.400 internationale Besucher:innen empf\u00e4ngt.  Sie ist eine \u00f6ffentliche und integrative Einrichtung, die sich der Forschung, der intellektuellen F\u00fchrung und dem sozialen Engagement verschrieben hat und die baskische Sprache (Euskara), die einzige vorindoeurop\u00e4ische Sprache in Westeuropa, bewahrt. <br><br>\n  \nWebsite: https:\/\/www.ehu.eus\/en\/en-home <\/p><\/div><\/div>\t\t\t\t<\/div>\n\t\t\t\t<\/div>\n\t\t\t\t\t<\/div>\n\t\t<\/div>\n\t\t\t\t\t<\/div>\n\t\t<\/section>\n\t\t\t\t\t<\/div>\n\t\t<\/div>\n\t\t\t\t\t<\/div>\n\t\t<\/section>\n\t\t\t\t<\/div>","protected":false},"excerpt":{"rendered":"<p>Partners The University of Cologne (UoC) The University of Cologne (UoC) was founded in 1388 and is thus, one of the oldest and largest within Europe. UoC is recognized for its high standards of graduate education and international reputation of academic accomplishment. Currently, more than 50.000 students are enrolled at UoC in 337 degree programmes. The six faculties currently host around 621 professors and junior professors, as well as more than 4800 scientific staff. UoC is firmly committed to the advancement of human knowledge through basic research, but with an eye to transfer and application in the real word. Team members of the research group are doctoral students and research assistants in the department of special education and rehabilitation, led by Univ.-Prof.\u00b4 in Dr.Charlotte Hanisch. Univ.-Prof.\u00b4 in Dr. Charlotte Hanisch and her team are licensed clinical child psychologists with clinical as well as research expertise in clinical child and adolescent psychology. They have developed and evaluated several training programs to increase teachers\u2019 and school staff\u2019s knowledge on child development and mental health. Website: uni-koeln.de, https:\/\/www.hf.uni-koeln.de\/621 \u201cdie Berater\u201d Unternehmensberatungs GmbH The core competence of \u201cdie Berater\u201d Unternehmensberatungs GmbH (www.dieberater.com) is adult education and training. die Berater\u00ae works in around 45 branches across Austria and offers holistic consulting and training. It coaches, employees and managers, and is specialized in particular in soft skills, language and IT seminars. The portfolio is targeted at individuals, companies of all sizes and industries, as well as the public sector, e.g. the Austrian Employment Service (AMS), ministries, the European Commission, and other stakeholders of the education system. die Berater\u2019s Media Competence department develops educational architectures, provides tailor-made e-learning and mobile learning solutions, and produces state of the art e-learning content. With its department bridges to europe, die Berater\u00ae has been involved in more than 160 EU-funded projects in different roles \u2013 as project coordinator, partner and evaluator. Through these projects a sustainable European partner network of more than 800 organisations from 45 countries has evolved. Website: dieberater.com, bridgestoeurope.com University College Leuven Limburg (UCLL) University College Leuven Limburg (UCLL) is a Higher Education Institution in Flanders, Belgium and is renowned for the high quality of its teaching, research &amp; regional development. More than 30 professional bachelor and lifelong learning study programmes are offered in various disciplines, with a focus on health care, social work, business &amp; commerce, teacher education and science &amp; technology. UC Leuven-Limburg\u2019s strong commitment to research ensures state-of-the-art training programmes for its 15.000 students. UC Leuven-Limburg is a member of educational networks across the globe and strongly collaborates with local, regional and national policy-making bodies, resulting in a broad network of stakeholders. Website: https:\/\/research-expertise.ucll.be\/en, https:\/\/www.ucll.be\/en Tallinn University (TLU) Tallinn University is a modern and dynamic research university in Estonia with a leading role in promoting an intelligent lifestyle through education, research, and a unique collaboration across disciplines. We view an intelligent lifestyle as making research-based decisions in order to improve society in general and the well-being of its citizens. TLU has six schools and their constituent research and development centres, a college, 18 support units and the Academic Library. TLU is one of the top 1001 &#8211; 1200 universities in the world and ranks high in areas of arts and humanities, sociology, education and social studies. Our academic staff consists of about 500 people who are experts in their fields of education, humanities, natural sciences, social sciences, health sciences, and fine arts. Around 7.000 students are enrolled at TLU either on Bachelor, Master, or PHD level studies. Website: https:\/\/www.tlu.ee\/en, https:\/\/www.tlu.ee\/en\/lti University of the Basque Country The University of the Basque Country (in Basque: Euskal Herriko Unibertsitatea; UPV\/EHU), formerly the Autonomous University of Bilbao. It has more than 35,000 students and belongs to Group 9 Universities. One of the characteristics of this university is the dispersion of its faculties and schools. It is divided into three university campuses, each corresponding to one of the three Basque provinces, i.e. Vizcaya, Guip\u00fazcoa and \u00c1lava. Moreover, the UPV\/EHU is an open and inclusive institution; it receives around 1,400 international visitors every year. It is a public and inclusive institution, committed to research, intellectual leadership and social commitment, and safeguards the Basque language (Euskara), the only pre-Indo-European language in Western Europe. Website: https:\/\/www.ehu.eus\/en\/en-home<\/p>","protected":false},"author":3,"featured_media":0,"parent":0,"menu_order":0,"comment_status":"closed","ping_status":"closed","template":"","meta":{"site-sidebar-layout":"no-sidebar","site-content-layout":"","ast-site-content-layout":"full-width-container","site-content-style":"default","site-sidebar-style":"default","ast-global-header-display":"","ast-banner-title-visibility":"","ast-main-header-display":"","ast-hfb-above-header-display":"","ast-hfb-below-header-display":"","ast-hfb-mobile-header-display":"","site-post-title":"disabled","ast-breadcrumbs-content":"","ast-featured-img":"disabled","footer-sml-layout":"","theme-transparent-header-meta":"","adv-header-id-meta":"","stick-header-meta":"","header-above-stick-meta":"","header-main-stick-meta":"","header-below-stick-meta":"","astra-migrate-meta-layouts":"default","ast-page-background-enabled":"default","ast-page-background-meta":{"desktop":{"background-color":"var(--ast-global-color-4)","background-image":"","background-repeat":"repeat","background-position":"center center","background-size":"auto","background-attachment":"scroll","background-type":"","background-media":"","overlay-type":"","overlay-color":"","overlay-opacity":"","overlay-gradient":""},"tablet":{"background-color":"","background-image":"","background-repeat":"repeat","background-position":"center center","background-size":"auto","background-attachment":"scroll","background-type":"","background-media":"","overlay-type":"","overlay-color":"","overlay-opacity":"","overlay-gradient":""},"mobile":{"background-color":"","background-image":"","background-repeat":"repeat","background-position":"center center","background-size":"auto","background-attachment":"scroll","background-type":"","background-media":"","overlay-type":"","overlay-color":"","overlay-opacity":"","overlay-gradient":""}},"ast-content-background-meta":{"desktop":{"background-color":"var(--ast-global-color-5)","background-image":"","background-repeat":"repeat","background-position":"center center","background-size":"auto","background-attachment":"scroll","background-type":"","background-media":"","overlay-type":"","overlay-color":"","overlay-opacity":"","overlay-gradient":""},"tablet":{"background-color":"var(--ast-global-color-5)","background-image":"","background-repeat":"repeat","background-position":"center center","background-size":"auto","background-attachment":"scroll","background-type":"","background-media":"","overlay-type":"","overlay-color":"","overlay-opacity":"","overlay-gradient":""},"mobile":{"background-color":"var(--ast-global-color-5)","background-image":"","background-repeat":"repeat","background-position":"center center","background-size":"auto","background-attachment":"scroll","background-type":"","background-media":"","overlay-type":"","overlay-color":"","overlay-opacity":"","overlay-gradient":""}},"footnotes":""},"class_list":["post-14","page","type-page","status-publish","hentry"],"_links":{"self":[{"href":"https:\/\/schoolsforsense.eu\/de\/wp-json\/wp\/v2\/pages\/14","targetHints":{"allow":["GET"]}}],"collection":[{"href":"https:\/\/schoolsforsense.eu\/de\/wp-json\/wp\/v2\/pages"}],"about":[{"href":"https:\/\/schoolsforsense.eu\/de\/wp-json\/wp\/v2\/types\/page"}],"author":[{"embeddable":true,"href":"https:\/\/schoolsforsense.eu\/de\/wp-json\/wp\/v2\/users\/3"}],"replies":[{"embeddable":true,"href":"https:\/\/schoolsforsense.eu\/de\/wp-json\/wp\/v2\/comments?post=14"}],"version-history":[{"count":28,"href":"https:\/\/schoolsforsense.eu\/de\/wp-json\/wp\/v2\/pages\/14\/revisions"}],"predecessor-version":[{"id":2349,"href":"https:\/\/schoolsforsense.eu\/de\/wp-json\/wp\/v2\/pages\/14\/revisions\/2349"}],"wp:attachment":[{"href":"https:\/\/schoolsforsense.eu\/de\/wp-json\/wp\/v2\/media?parent=14"}],"curies":[{"name":"wp","href":"https:\/\/api.w.org\/{rel}","templated":true}]}}